{"id":1139,"date":"2024-06-15T15:08:29","date_gmt":"2024-06-15T13:08:29","guid":{"rendered":"https:\/\/www.domotic.phdata.fr\/domotic\/?page_id=1139"},"modified":"2024-06-23T16:13:58","modified_gmt":"2024-06-23T14:13:58","slug":"projets","status":"publish","type":"page","link":"https:\/\/www.domotic.phdata.fr\/domotic\/projets\/","title":{"rendered":"Projets"},"content":{"rendered":"\t\t<div data-elementor-type=\"wp-page\" data-elementor-id=\"1139\" class=\"elementor elementor-1139\">\n\t\t\t\t<div class=\"elementor-element elementor-element-8f0453b e-flex e-con-boxed e-con e-parent\" data-id=\"8f0453b\" data-element_type=\"container\" data-e-type=\"container\">\n\t\t\t\t\t<div class=\"e-con-inner\">\n\t\t\t\t<div class=\"elementor-element elementor-element-0f48f7c elementor-widget elementor-widget-image\" data-id=\"0f48f7c\" data-element_type=\"widget\" data-e-type=\"widget\" data-widget_type=\"image.default\">\n\t\t\t\t<div class=\"elementor-widget-container\">\n\t\t\t\t\t\t\t\t\t\t\t\t\t\t\t<img fetchpriority=\"high\" decoding=\"async\" width=\"922\" height=\"553\" src=\"https:\/\/www.domotic.phdata.fr\/domotic\/wp-content\/uploads\/2024\/06\/projet.png\" class=\"attachment-large size-large wp-image-977\" alt=\"\" srcset=\"https:\/\/www.domotic.phdata.fr\/domotic\/wp-content\/uploads\/2024\/06\/projet.png 922w, https:\/\/www.domotic.phdata.fr\/domotic\/wp-content\/uploads\/2024\/06\/projet-300x180.png 300w, https:\/\/www.domotic.phdata.fr\/domotic\/wp-content\/uploads\/2024\/06\/projet-768x461.png 768w, https:\/\/www.domotic.phdata.fr\/domotic\/wp-content\/uploads\/2024\/06\/projet-150x90.png 150w\" sizes=\"(max-width: 922px) 100vw, 922px\" \/>\t\t\t\t\t\t\t\t\t\t\t\t\t\t\t<\/div>\n\t\t\t\t<\/div>\n\t\t\t\t\t<\/div>\n\t\t\t\t<\/div>\n\t\t<div class=\"elementor-element elementor-element-7e6a23f7 e-flex e-con-boxed e-con e-parent\" data-id=\"7e6a23f7\" data-element_type=\"container\" data-e-type=\"container\">\n\t\t\t\t\t<div class=\"e-con-inner\">\n\t\t\t\t<div class=\"elementor-element elementor-element-3cd3acca elementor-widget elementor-widget-text-editor\" data-id=\"3cd3acca\" data-element_type=\"widget\" data-e-type=\"widget\" data-widget_type=\"text-editor.default\">\n\t\t\t\t<div class=\"elementor-widget-container\">\n\t\t\t\t\t\t\t\t\t<p><\/p>\t\t\t\t\t\t\t\t<\/div>\n\t\t\t\t<\/div>\n\t\t\t\t\t<\/div>\n\t\t\t\t<\/div>\n\t\t<div class=\"elementor-element elementor-element-ae5ce12 e-flex e-con-boxed e-con e-parent\" data-id=\"ae5ce12\" data-element_type=\"container\" data-e-type=\"container\">\n\t\t\t\t\t<div class=\"e-con-inner\">\n\t\t\t\t<div class=\"elementor-element elementor-element-c0e9ef1 elementor-widget elementor-widget-text-editor\" data-id=\"c0e9ef1\" data-element_type=\"widget\" data-e-type=\"widget\" data-widget_type=\"text-editor.default\">\n\t\t\t\t<div class=\"elementor-widget-container\">\n\t\t\t\t\t\t\t\t\t<p>Cette page est d\u00e9di\u00e9e \u00e0 la centralisation de mes projets de domotique. Elle refl\u00e8te mon engagement et ma passion pour ce domaine, et sert de vitrine \u00e0 mes comp\u00e9tences et r\u00e9alisations. Que vous soyez int\u00e9ress\u00e9 par la domotique,&nbsp; l&rsquo;\u00e9lectricit\u00e9 ou l&rsquo;informatique, j&rsquo;esp\u00e8re que vous trouverez ici des id\u00e9es inspirantes et des informations utiles.<\/p>\t\t\t\t\t\t\t\t<\/div>\n\t\t\t\t<\/div>\n\t\t\t\t\t<\/div>\n\t\t\t\t<\/div>\n\t\t<div class=\"elementor-element elementor-element-61a2119 e-flex e-con-boxed e-con e-parent\" data-id=\"61a2119\" data-element_type=\"container\" data-e-type=\"container\">\n\t\t\t\t\t<div class=\"e-con-inner\">\n\t\t<div class=\"elementor-element elementor-element-1deefc7 e-con-full e-flex e-con e-child\" data-id=\"1deefc7\" data-element_type=\"container\" data-e-type=\"container\" data-settings=\"{&quot;background_background&quot;:&quot;gradient&quot;}\">\n\t\t\t\t<div class=\"elementor-element elementor-element-7895ea2 elementor-widget elementor-widget-image\" data-id=\"7895ea2\" data-element_type=\"widget\" data-e-type=\"widget\" data-widget_type=\"image.default\">\n\t\t\t\t<div class=\"elementor-widget-container\">\n\t\t\t\t\t\t\t\t\t\t\t\t\t\t\t\t<a href=\"https:\/\/www.domotic.phdata.fr\/domotic\/projet-arrosage-automatique\">\n\t\t\t\t\t\t\t<img decoding=\"async\" width=\"1024\" height=\"682\" src=\"https:\/\/www.domotic.phdata.fr\/domotic\/wp-content\/uploads\/2024\/06\/garden-2388292_1280-1024x682.jpg\" class=\"attachment-large size-large wp-image-1151\" alt=\"\" srcset=\"https:\/\/www.domotic.phdata.fr\/domotic\/wp-content\/uploads\/2024\/06\/garden-2388292_1280-1024x682.jpg 1024w, https:\/\/www.domotic.phdata.fr\/domotic\/wp-content\/uploads\/2024\/06\/garden-2388292_1280-300x200.jpg 300w, https:\/\/www.domotic.phdata.fr\/domotic\/wp-content\/uploads\/2024\/06\/garden-2388292_1280-768x512.jpg 768w, https:\/\/www.domotic.phdata.fr\/domotic\/wp-content\/uploads\/2024\/06\/garden-2388292_1280-150x100.jpg 150w, https:\/\/www.domotic.phdata.fr\/domotic\/wp-content\/uploads\/2024\/06\/garden-2388292_1280.jpg 1280w\" sizes=\"(max-width: 1024px) 100vw, 1024px\" \/>\t\t\t\t\t\t\t\t<\/a>\n\t\t\t\t\t\t\t\t\t\t\t\t\t\t\t<\/div>\n\t\t\t\t<\/div>\n\t\t\t\t<div class=\"elementor-element elementor-element-87763f2 elementor-widget elementor-widget-heading\" data-id=\"87763f2\" data-element_type=\"widget\" data-e-type=\"widget\" data-widget_type=\"heading.default\">\n\t\t\t\t<div class=\"elementor-widget-container\">\n\t\t\t\t\t<h4 class=\"elementor-heading-title elementor-size-default\">Arrosage automatique<\/h4>\t\t\t\t<\/div>\n\t\t\t\t<\/div>\n\t\t\t\t<\/div>\n\t\t<div class=\"elementor-element elementor-element-663453a e-con-full e-flex e-con e-child\" data-id=\"663453a\" data-element_type=\"container\" data-e-type=\"container\" data-settings=\"{&quot;background_background&quot;:&quot;gradient&quot;}\">\n\t\t\t\t<div class=\"elementor-element elementor-element-2d0a9f0 elementor-widget elementor-widget-image\" data-id=\"2d0a9f0\" data-element_type=\"widget\" data-e-type=\"widget\" data-widget_type=\"image.default\">\n\t\t\t\t<div class=\"elementor-widget-container\">\n\t\t\t\t\t\t\t\t\t\t\t\t\t\t\t\t<a href=\"https:\/\/www.domotic.phdata.fr\/domotic\/la-gestion-piscine\">\n\t\t\t\t\t\t\t<img decoding=\"async\" width=\"1024\" height=\"683\" src=\"https:\/\/www.domotic.phdata.fr\/domotic\/wp-content\/uploads\/2024\/06\/piscine-1024x683.jpeg\" class=\"attachment-large size-large wp-image-1387\" alt=\"\" srcset=\"https:\/\/www.domotic.phdata.fr\/domotic\/wp-content\/uploads\/2024\/06\/piscine-1024x683.jpeg 1024w, https:\/\/www.domotic.phdata.fr\/domotic\/wp-content\/uploads\/2024\/06\/piscine-300x200.jpeg 300w, https:\/\/www.domotic.phdata.fr\/domotic\/wp-content\/uploads\/2024\/06\/piscine-768x512.jpeg 768w, https:\/\/www.domotic.phdata.fr\/domotic\/wp-content\/uploads\/2024\/06\/piscine-1536x1024.jpeg 1536w, https:\/\/www.domotic.phdata.fr\/domotic\/wp-content\/uploads\/2024\/06\/piscine-2048x1365.jpeg 2048w, https:\/\/www.domotic.phdata.fr\/domotic\/wp-content\/uploads\/2024\/06\/piscine-150x100.jpeg 150w, https:\/\/www.domotic.phdata.fr\/domotic\/wp-content\/uploads\/2024\/06\/piscine-scaled.jpeg 2560w\" sizes=\"(max-width: 1024px) 100vw, 1024px\" \/>\t\t\t\t\t\t\t\t<\/a>\n\t\t\t\t\t\t\t\t\t\t\t\t\t\t\t<\/div>\n\t\t\t\t<\/div>\n\t\t\t\t<div class=\"elementor-element elementor-element-c37536c elementor-widget elementor-widget-heading\" data-id=\"c37536c\" data-element_type=\"widget\" data-e-type=\"widget\" data-widget_type=\"heading.default\">\n\t\t\t\t<div class=\"elementor-widget-container\">\n\t\t\t\t\t<h4 class=\"elementor-heading-title elementor-size-default\">Filtration piscine<\/h4>\t\t\t\t<\/div>\n\t\t\t\t<\/div>\n\t\t\t\t<\/div>\n\t\t<div class=\"elementor-element elementor-element-1a1bcc5 e-con-full e-flex e-con e-child\" data-id=\"1a1bcc5\" data-element_type=\"container\" data-e-type=\"container\" data-settings=\"{&quot;background_background&quot;:&quot;gradient&quot;}\">\n\t\t\t\t<div class=\"elementor-element elementor-element-2532035 elementor-widget elementor-widget-image\" data-id=\"2532035\" data-element_type=\"widget\" data-e-type=\"widget\" data-widget_type=\"image.default\">\n\t\t\t\t<div class=\"elementor-widget-container\">\n\t\t\t\t\t\t\t\t\t\t\t\t\t\t\t\t<a href=\"https:\/\/www.domotic.phdata.fr\/domotic\/boitte-aux-lettres\">\n\t\t\t\t\t\t\t<img loading=\"lazy\" decoding=\"async\" width=\"1024\" height=\"683\" src=\"https:\/\/www.domotic.phdata.fr\/domotic\/wp-content\/uploads\/2024\/06\/boite-lettre-1024x683.jpeg\" class=\"attachment-large size-large wp-image-1386\" alt=\"\" srcset=\"https:\/\/www.domotic.phdata.fr\/domotic\/wp-content\/uploads\/2024\/06\/boite-lettre-1024x683.jpeg 1024w, https:\/\/www.domotic.phdata.fr\/domotic\/wp-content\/uploads\/2024\/06\/boite-lettre-300x200.jpeg 300w, https:\/\/www.domotic.phdata.fr\/domotic\/wp-content\/uploads\/2024\/06\/boite-lettre-768x512.jpeg 768w, https:\/\/www.domotic.phdata.fr\/domotic\/wp-content\/uploads\/2024\/06\/boite-lettre-1536x1024.jpeg 1536w, https:\/\/www.domotic.phdata.fr\/domotic\/wp-content\/uploads\/2024\/06\/boite-lettre-2048x1365.jpeg 2048w, https:\/\/www.domotic.phdata.fr\/domotic\/wp-content\/uploads\/2024\/06\/boite-lettre-150x100.jpeg 150w, https:\/\/www.domotic.phdata.fr\/domotic\/wp-content\/uploads\/2024\/06\/boite-lettre-scaled.jpeg 2560w\" sizes=\"(max-width: 1024px) 100vw, 1024px\" \/>\t\t\t\t\t\t\t\t<\/a>\n\t\t\t\t\t\t\t\t\t\t\t\t\t\t\t<\/div>\n\t\t\t\t<\/div>\n\t\t\t\t<div class=\"elementor-element elementor-element-a73179f elementor-widget elementor-widget-heading\" data-id=\"a73179f\" data-element_type=\"widget\" data-e-type=\"widget\" data-widget_type=\"heading.default\">\n\t\t\t\t<div class=\"elementor-widget-container\">\n\t\t\t\t\t<h4 class=\"elementor-heading-title elementor-size-default\">Bo\u00eete aux lettres<\/h4>\t\t\t\t<\/div>\n\t\t\t\t<\/div>\n\t\t\t\t<\/div>\n\t\t\t\t\t<\/div>\n\t\t\t\t<\/div>\n\t\t<div class=\"elementor-element elementor-element-d541793 e-flex e-con-boxed e-con e-parent\" data-id=\"d541793\" data-element_type=\"container\" data-e-type=\"container\">\n\t\t\t\t\t<div class=\"e-con-inner\">\n\t\t<div class=\"elementor-element elementor-element-084a509 e-con-full e-flex e-con e-child\" data-id=\"084a509\" data-element_type=\"container\" data-e-type=\"container\" data-settings=\"{&quot;background_background&quot;:&quot;gradient&quot;}\">\n\t\t\t\t<div class=\"elementor-element elementor-element-7549a35 elementor-widget elementor-widget-image\" data-id=\"7549a35\" data-element_type=\"widget\" data-e-type=\"widget\" data-widget_type=\"image.default\">\n\t\t\t\t<div class=\"elementor-widget-container\">\n\t\t\t\t\t\t\t\t\t\t\t\t\t\t\t\t<a href=\"https:\/\/www.domotic.phdata.fr\/domotic\/openastrotracker\/\">\n\t\t\t\t\t\t\t<img loading=\"lazy\" decoding=\"async\" width=\"924\" height=\"554\" src=\"https:\/\/www.domotic.phdata.fr\/domotic\/wp-content\/uploads\/2024\/06\/openastrotracker1.png\" class=\"attachment-large size-large wp-image-2431\" alt=\"\" srcset=\"https:\/\/www.domotic.phdata.fr\/domotic\/wp-content\/uploads\/2024\/06\/openastrotracker1.png 924w, https:\/\/www.domotic.phdata.fr\/domotic\/wp-content\/uploads\/2024\/06\/openastrotracker1-300x180.png 300w, https:\/\/www.domotic.phdata.fr\/domotic\/wp-content\/uploads\/2024\/06\/openastrotracker1-768x460.png 768w, https:\/\/www.domotic.phdata.fr\/domotic\/wp-content\/uploads\/2024\/06\/openastrotracker1-150x90.png 150w\" sizes=\"(max-width: 924px) 100vw, 924px\" \/>\t\t\t\t\t\t\t\t<\/a>\n\t\t\t\t\t\t\t\t\t\t\t\t\t\t\t<\/div>\n\t\t\t\t<\/div>\n\t\t\t\t<div class=\"elementor-element elementor-element-4910726 elementor-widget elementor-widget-heading\" data-id=\"4910726\" data-element_type=\"widget\" data-e-type=\"widget\" data-widget_type=\"heading.default\">\n\t\t\t\t<div class=\"elementor-widget-container\">\n\t\t\t\t\t<h4 class=\"elementor-heading-title elementor-size-default\">OpenAstroTracker<\/h4>\t\t\t\t<\/div>\n\t\t\t\t<\/div>\n\t\t\t\t<\/div>\n\t\t<div class=\"elementor-element elementor-element-fd4b5b8 e-con-full e-flex e-con e-child\" data-id=\"fd4b5b8\" data-element_type=\"container\" data-e-type=\"container\" data-settings=\"{&quot;background_background&quot;:&quot;gradient&quot;}\">\n\t\t\t\t<div class=\"elementor-element elementor-element-33ab0d0 elementor-widget elementor-widget-image\" data-id=\"33ab0d0\" data-element_type=\"widget\" data-e-type=\"widget\" data-widget_type=\"image.default\">\n\t\t\t\t<div class=\"elementor-widget-container\">\n\t\t\t\t\t\t\t\t\t\t\t\t\t\t\t\t<a href=\"#\">\n\t\t\t\t\t\t\t<img loading=\"lazy\" decoding=\"async\" width=\"228\" height=\"205\" src=\"https:\/\/www.domotic.phdata.fr\/domotic\/wp-content\/uploads\/2024\/06\/image.png\" class=\"attachment-large size-large wp-image-2326\" alt=\"\" srcset=\"https:\/\/www.domotic.phdata.fr\/domotic\/wp-content\/uploads\/2024\/06\/image.png 228w, https:\/\/www.domotic.phdata.fr\/domotic\/wp-content\/uploads\/2024\/06\/image-150x135.png 150w\" sizes=\"(max-width: 228px) 100vw, 228px\" \/>\t\t\t\t\t\t\t\t<\/a>\n\t\t\t\t\t\t\t\t\t\t\t\t\t\t\t<\/div>\n\t\t\t\t<\/div>\n\t\t\t\t<div class=\"elementor-element elementor-element-f9eec66 elementor-widget elementor-widget-heading\" data-id=\"f9eec66\" data-element_type=\"widget\" data-e-type=\"widget\" data-widget_type=\"heading.default\">\n\t\t\t\t<div class=\"elementor-widget-container\">\n\t\t\t\t\t<h4 class=\"elementor-heading-title elementor-size-default\">libre<\/h4>\t\t\t\t<\/div>\n\t\t\t\t<\/div>\n\t\t\t\t<\/div>\n\t\t<div class=\"elementor-element elementor-element-8c2ee08 e-con-full e-flex e-con e-child\" data-id=\"8c2ee08\" data-element_type=\"container\" data-e-type=\"container\" data-settings=\"{&quot;background_background&quot;:&quot;gradient&quot;}\">\n\t\t\t\t<div class=\"elementor-element elementor-element-e367f12 elementor-widget elementor-widget-image\" data-id=\"e367f12\" data-element_type=\"widget\" data-e-type=\"widget\" data-widget_type=\"image.default\">\n\t\t\t\t<div class=\"elementor-widget-container\">\n\t\t\t\t\t\t\t\t\t\t\t\t\t\t\t\t<a href=\"#\">\n\t\t\t\t\t\t\t<img loading=\"lazy\" decoding=\"async\" width=\"228\" height=\"205\" src=\"https:\/\/www.domotic.phdata.fr\/domotic\/wp-content\/uploads\/2024\/06\/image.png\" class=\"attachment-large size-large wp-image-2326\" alt=\"\" srcset=\"https:\/\/www.domotic.phdata.fr\/domotic\/wp-content\/uploads\/2024\/06\/image.png 228w, https:\/\/www.domotic.phdata.fr\/domotic\/wp-content\/uploads\/2024\/06\/image-150x135.png 150w\" sizes=\"(max-width: 228px) 100vw, 228px\" \/>\t\t\t\t\t\t\t\t<\/a>\n\t\t\t\t\t\t\t\t\t\t\t\t\t\t\t<\/div>\n\t\t\t\t<\/div>\n\t\t\t\t<div class=\"elementor-element elementor-element-2783b49 elementor-widget elementor-widget-heading\" data-id=\"2783b49\" data-element_type=\"widget\" data-e-type=\"widget\" data-widget_type=\"heading.default\">\n\t\t\t\t<div class=\"elementor-widget-container\">\n\t\t\t\t\t<h4 class=\"elementor-heading-title elementor-size-default\">libre<\/h4>\t\t\t\t<\/div>\n\t\t\t\t<\/div>\n\t\t\t\t<\/div>\n\t\t\t\t\t<\/div>\n\t\t\t\t<\/div>\n\t\t<div class=\"elementor-element elementor-element-36f50bf7 e-flex e-con-boxed e-con e-parent\" data-id=\"36f50bf7\" data-element_type=\"container\" data-e-type=\"container\">\n\t\t\t\t\t<div class=\"e-con-inner\">\n\t\t\t\t<div class=\"elementor-element elementor-element-204e6b3a elementor-widget elementor-widget-text-editor\" data-id=\"204e6b3a\" data-element_type=\"widget\" data-e-type=\"widget\" data-widget_type=\"text-editor.default\">\n\t\t\t\t<div class=\"elementor-widget-container\">\n\t\t\t\t\t\t\t\t\t<p>\t\t<div data-elementor-type=\"wp-post\" data-elementor-id=\"2509\" class=\"elementor elementor-2509\">\n\t\t\t\t<div class=\"elementor-element elementor-element-dc37c4c e-flex e-con-boxed e-con e-parent\" data-id=\"dc37c4c\" data-element_type=\"container\" data-e-type=\"container\" data-settings=\"{&quot;background_background&quot;:&quot;gradient&quot;}\">\n\t\t\t\t\t<div class=\"e-con-inner\">\n\t\t\t\t<div class=\"elementor-element elementor-element-31250bc elementor-widget elementor-widget-image\" data-id=\"31250bc\" data-element_type=\"widget\" data-e-type=\"widget\" data-widget_type=\"image.default\">\n\t\t\t\t<div class=\"elementor-widget-container\">\n\t\t\t\t\t\t\t\t\t\t\t\t\t\t\t<img loading=\"lazy\" decoding=\"async\" width=\"1000\" height=\"140\" src=\"https:\/\/www.domotic.phdata.fr\/domotic\/wp-content\/uploads\/2024\/06\/pied-de-page.webp\" class=\"attachment-large size-large wp-image-3167\" alt=\"\" srcset=\"https:\/\/www.domotic.phdata.fr\/domotic\/wp-content\/uploads\/2024\/06\/pied-de-page.webp 1000w, https:\/\/www.domotic.phdata.fr\/domotic\/wp-content\/uploads\/2024\/06\/pied-de-page-300x42.webp 300w, https:\/\/www.domotic.phdata.fr\/domotic\/wp-content\/uploads\/2024\/06\/pied-de-page-768x108.webp 768w, https:\/\/www.domotic.phdata.fr\/domotic\/wp-content\/uploads\/2024\/06\/pied-de-page-150x21.webp 150w\" sizes=\"(max-width: 1000px) 100vw, 1000px\" \/>\t\t\t\t\t\t\t\t\t\t\t\t\t\t\t<\/div>\n\t\t\t\t<\/div>\n\t\t\t\t<div class=\"elementor-element elementor-element-da41007 elementor-widget elementor-widget-text-editor\" data-id=\"da41007\" data-element_type=\"widget\" data-e-type=\"widget\" data-widget_type=\"text-editor.default\">\n\t\t\t\t<div class=\"elementor-widget-container\">\n\t\t\t\t\t\t\t\t\t<p style=\"text-align: center;\"><strong>Domotique &#8211; informatique &#8211; \u00e9lectronique &#8211; dictionnaire &#8211; projets<\/strong><\/p>\t\t\t\t\t\t\t\t<\/div>\n\t\t\t\t<\/div>\n\t\t\t\t<div class=\"elementor-element elementor-element-8a0e2d2 elementor-widget elementor-widget-text-editor\" data-id=\"8a0e2d2\" data-element_type=\"widget\" data-e-type=\"widget\" data-widget_type=\"text-editor.default\">\n\t\t\t\t<div class=\"elementor-widget-container\">\n\t\t\t\t\t\t\t\t\t<p>Copyright 2024<\/p>\t\t\t\t\t\t\t\t<\/div>\n\t\t\t\t<\/div>\n\t\t\t\t\t<\/div>\n\t\t\t\t<\/div>\n\t\t\t\t<\/div>\n\t\t<\/p>\t\t\t\t\t\t\t\t<\/div>\n\t\t\t\t<\/div>\n\t\t\t\t\t<\/div>\n\t\t\t\t<\/div>\n\t\t\t\t<\/div>\n\t\t","protected":false},"excerpt":{"rendered":"<p>Cette page est d\u00e9di\u00e9e \u00e0 la centralisation de mes projets de domotique. Elle refl\u00e8te mon engagement et ma passion pour ce domaine, et sert de vitrine \u00e0 mes comp\u00e9tences et r\u00e9alisations. Que vous soyez int\u00e9ress\u00e9 par la domotique,&nbsp; l&rsquo;\u00e9lectricit\u00e9 ou l&rsquo;informatique, j&rsquo;esp\u00e8re que vous trouverez ici des id\u00e9es inspirantes et des informations utiles. Arrosage automatique [&hellip;]<\/p>\n","protected":false},"author":1,"featured_media":0,"parent":0,"menu_order":0,"comment_status":"closed","ping_status":"closed","template":"","meta":{"_eb_attr":"","ocean_post_layout":"","ocean_both_sidebars_style":"","ocean_both_sidebars_content_width":0,"ocean_both_sidebars_sidebars_width":0,"ocean_sidebar":"","ocean_second_sidebar":"","ocean_disable_margins":"enable","ocean_add_body_class":"","ocean_shortcode_before_top_bar":"","ocean_shortcode_after_top_bar":"","ocean_shortcode_before_header":"","ocean_shortcode_after_header":"","ocean_has_shortcode":"","ocean_shortcode_after_title":"","ocean_shortcode_before_footer_widgets":"","ocean_shortcode_after_footer_widgets":"","ocean_shortcode_before_footer_bottom":"","ocean_shortcode_after_footer_bottom":"","ocean_display_top_bar":"default","ocean_display_header":"default","ocean_header_style":"","ocean_center_header_left_menu":"","ocean_custom_header_template":"","ocean_custom_logo":0,"ocean_custom_retina_logo":0,"ocean_custom_logo_max_width":0,"ocean_custom_logo_tablet_max_width":0,"ocean_custom_logo_mobile_max_width":0,"ocean_custom_logo_max_height":0,"ocean_custom_logo_tablet_max_height":0,"ocean_custom_logo_mobile_max_height":0,"ocean_header_custom_menu":"","ocean_menu_typo_font_family":"","ocean_menu_typo_font_subset":"","ocean_menu_typo_font_size":0,"ocean_menu_typo_font_size_tablet":0,"ocean_menu_typo_font_size_mobile":0,"ocean_menu_typo_font_size_unit":"px","ocean_menu_typo_font_weight":"","ocean_menu_typo_font_weight_tablet":"","ocean_menu_typo_font_weight_mobile":"","ocean_menu_typo_transform":"","ocean_menu_typo_transform_tablet":"","ocean_menu_typo_transform_mobile":"","ocean_menu_typo_line_height":0,"ocean_menu_typo_line_height_tablet":0,"ocean_menu_typo_line_height_mobile":0,"ocean_menu_typo_line_height_unit":"","ocean_menu_typo_spacing":0,"ocean_menu_typo_spacing_tablet":0,"ocean_menu_typo_spacing_mobile":0,"ocean_menu_typo_spacing_unit":"","ocean_menu_link_color":"","ocean_menu_link_color_hover":"","ocean_menu_link_color_active":"","ocean_menu_link_background":"","ocean_menu_link_hover_background":"","ocean_menu_link_active_background":"","ocean_menu_social_links_bg":"","ocean_menu_social_hover_links_bg":"","ocean_menu_social_links_color":"","ocean_menu_social_hover_links_color":"","ocean_disable_title":"default","ocean_disable_heading":"default","ocean_post_title":"","ocean_post_subheading":"","ocean_post_title_style":"","ocean_post_title_background_color":"","ocean_post_title_background":0,"ocean_post_title_bg_image_position":"","ocean_post_title_bg_image_attachment":"","ocean_post_title_bg_image_repeat":"","ocean_post_title_bg_image_size":"","ocean_post_title_height":0,"ocean_post_title_bg_overlay":0.5,"ocean_post_title_bg_overlay_color":"","ocean_disable_breadcrumbs":"default","ocean_breadcrumbs_color":"","ocean_breadcrumbs_separator_color":"","ocean_breadcrumbs_links_color":"","ocean_breadcrumbs_links_hover_color":"","ocean_display_footer_widgets":"default","ocean_display_footer_bottom":"default","ocean_custom_footer_template":"","footnotes":""},"class_list":["post-1139","page","type-page","status-publish","hentry","entry"],"jetpack_sharing_enabled":true,"_links":{"self":[{"href":"https:\/\/www.domotic.phdata.fr\/domotic\/wp-json\/wp\/v2\/pages\/1139","targetHints":{"allow":["GET"]}}],"collection":[{"href":"https:\/\/www.domotic.phdata.fr\/domotic\/wp-json\/wp\/v2\/pages"}],"about":[{"href":"https:\/\/www.domotic.phdata.fr\/domotic\/wp-json\/wp\/v2\/types\/page"}],"author":[{"embeddable":true,"href":"https:\/\/www.domotic.phdata.fr\/domotic\/wp-json\/wp\/v2\/users\/1"}],"replies":[{"embeddable":true,"href":"https:\/\/www.domotic.phdata.fr\/domotic\/wp-json\/wp\/v2\/comments?post=1139"}],"version-history":[{"count":100,"href":"https:\/\/www.domotic.phdata.fr\/domotic\/wp-json\/wp\/v2\/pages\/1139\/revisions"}],"predecessor-version":[{"id":3266,"href":"https:\/\/www.domotic.phdata.fr\/domotic\/wp-json\/wp\/v2\/pages\/1139\/revisions\/3266"}],"wp:attachment":[{"href":"https:\/\/www.domotic.phdata.fr\/domotic\/wp-json\/wp\/v2\/media?parent=1139"}],"curies":[{"name":"wp","href":"https:\/\/api.w.org\/{rel}","templated":true}]}}