{"id":6215,"date":"2025-08-04T11:54:48","date_gmt":"2025-08-04T09:54:48","guid":{"rendered":"https:\/\/www.domotic.phdata.fr\/domotic\/?page_id=6215"},"modified":"2025-08-04T12:01:44","modified_gmt":"2025-08-04T10:01:44","slug":"gravure-decoupe","status":"publish","type":"page","link":"https:\/\/www.domotic.phdata.fr\/domotic\/gravure-decoupe\/","title":{"rendered":"Gravure &amp; d\u00e9coupe"},"content":{"rendered":"\t\t<div data-elementor-type=\"wp-page\" data-elementor-id=\"6215\" class=\"elementor elementor-6215\">\n\t\t\t\t<div class=\"elementor-element elementor-element-56f9349a e-flex e-con-boxed e-con e-parent\" data-id=\"56f9349a\" data-element_type=\"container\" data-e-type=\"container\">\n\t\t\t\t\t<div class=\"e-con-inner\">\n\t\t\t\t<div class=\"elementor-element elementor-element-ce58418 elementor-widget elementor-widget-image\" data-id=\"ce58418\" data-element_type=\"widget\" data-e-type=\"widget\" data-widget_type=\"image.default\">\n\t\t\t\t<div class=\"elementor-widget-container\">\n\t\t\t\t\t\t\t\t\t\t\t\t\t\t\t<img fetchpriority=\"high\" decoding=\"async\" width=\"600\" height=\"428\" src=\"https:\/\/www.domotic.phdata.fr\/domotic\/wp-content\/uploads\/2025\/08\/decoupe-laserr.webp\" class=\"attachment-large size-large wp-image-6224\" alt=\"\" srcset=\"https:\/\/www.domotic.phdata.fr\/domotic\/wp-content\/uploads\/2025\/08\/decoupe-laserr.webp 600w, https:\/\/www.domotic.phdata.fr\/domotic\/wp-content\/uploads\/2025\/08\/decoupe-laserr-300x214.webp 300w\" sizes=\"(max-width: 600px) 100vw, 600px\" \/>\t\t\t\t\t\t\t\t\t\t\t\t\t\t\t<\/div>\n\t\t\t\t<\/div>\n\t\t\t\t\t<\/div>\n\t\t\t\t<\/div>\n\t\t<div class=\"elementor-element elementor-element-5c0ab832 e-flex e-con-boxed e-con e-parent\" data-id=\"5c0ab832\" data-element_type=\"container\" data-e-type=\"container\">\n\t\t\t\t\t<div class=\"e-con-inner\">\n\t\t\t\t<div class=\"elementor-element elementor-element-5c816896 elementor-widget elementor-widget-text-editor\" data-id=\"5c816896\" data-element_type=\"widget\" data-e-type=\"widget\" data-widget_type=\"text-editor.default\">\n\t\t\t\t<div class=\"elementor-widget-container\">\n\t\t\t\t\t\t\t\t\t<p><\/p>\t\t\t\t\t\t\t\t<\/div>\n\t\t\t\t<\/div>\n\t\t\t\t\t<\/div>\n\t\t\t\t<\/div>\n\t\t<div class=\"elementor-element elementor-element-13d24582 e-flex e-con-boxed e-con e-parent\" data-id=\"13d24582\" data-element_type=\"container\" data-e-type=\"container\">\n\t\t\t\t\t<div class=\"e-con-inner\">\n\t\t<div class=\"elementor-element elementor-element-295f5005 e-con-full e-flex e-con e-child\" data-id=\"295f5005\" data-element_type=\"container\" data-e-type=\"container\">\n\t\t\t\t<div class=\"elementor-element elementor-element-6afb7bcb elementor-widget elementor-widget-image\" data-id=\"6afb7bcb\" data-element_type=\"widget\" data-e-type=\"widget\" data-widget_type=\"image.default\">\n\t\t\t\t<div class=\"elementor-widget-container\">\n\t\t\t\t\t\t\t\t\t\t\t\t\t\t\t<img decoding=\"async\" width=\"580\" height=\"377\" src=\"https:\/\/www.domotic.phdata.fr\/domotic\/wp-content\/uploads\/2025\/08\/laser-logo.jpg\" class=\"attachment-large size-large wp-image-6234\" alt=\"\" srcset=\"https:\/\/www.domotic.phdata.fr\/domotic\/wp-content\/uploads\/2025\/08\/laser-logo.jpg 580w, https:\/\/www.domotic.phdata.fr\/domotic\/wp-content\/uploads\/2025\/08\/laser-logo-300x195.jpg 300w\" sizes=\"(max-width: 580px) 100vw, 580px\" \/>\t\t\t\t\t\t\t\t\t\t\t\t\t\t\t<\/div>\n\t\t\t\t<\/div>\n\t\t\t\t<\/div>\n\t\t<div class=\"elementor-element elementor-element-3022c8fc e-con-full e-flex e-con e-child\" data-id=\"3022c8fc\" data-element_type=\"container\" data-e-type=\"container\">\n\t\t\t\t<div class=\"elementor-element elementor-element-69baff1f elementor-widget elementor-widget-heading\" data-id=\"69baff1f\" data-element_type=\"widget\" data-e-type=\"widget\" data-widget_type=\"heading.default\">\n\t\t\t\t<div class=\"elementor-widget-container\">\n\t\t\t\t\t<h1 class=\"elementor-heading-title elementor-size-default\">Machine de Gravure Laser<\/h1>\t\t\t\t<\/div>\n\t\t\t\t<\/div>\n\t\t\t\t<\/div>\n\t\t\t\t\t<\/div>\n\t\t\t\t<\/div>\n\t\t<div class=\"elementor-element elementor-element-721261ee e-flex e-con-boxed e-con e-parent\" data-id=\"721261ee\" data-element_type=\"container\" data-e-type=\"container\">\n\t\t\t\t\t<div class=\"e-con-inner\">\n\t\t\t\t<div class=\"elementor-element elementor-element-264e2b04 elementor-widget elementor-widget-text-editor\" data-id=\"264e2b04\" data-element_type=\"widget\" data-e-type=\"widget\" data-widget_type=\"text-editor.default\">\n\t\t\t\t<div class=\"elementor-widget-container\">\n\t\t\t\t\t\t\t\t\t<p>La gravure laser est une technologie moderne qui permet de personnaliser, d\u00e9couper ou marquer une grande vari\u00e9t\u00e9 de mat\u00e9riaux avec une pr\u00e9cision exceptionnelle. Gr\u00e2ce \u00e0 une machine de gravure laser, professionnels et passionn\u00e9s peuvent r\u00e9aliser des cr\u00e9ations uniques, durables et esth\u00e9tiques, dans les domaines de l\u2019art, de l\u2019industrie ou du design.\u00a0\u00e9volution.<\/p>\t\t\t\t\t\t\t\t<\/div>\n\t\t\t\t<\/div>\n\t\t\t\t\t<\/div>\n\t\t\t\t<\/div>\n\t\t<div class=\"elementor-element elementor-element-13bf6ba4 e-flex e-con-boxed e-con e-parent\" data-id=\"13bf6ba4\" data-element_type=\"container\" data-e-type=\"container\">\n\t\t\t\t\t<div class=\"e-con-inner\">\n\t\t<div class=\"elementor-element elementor-element-7d1dddf e-con-full e-flex e-con e-child\" data-id=\"7d1dddf\" data-element_type=\"container\" data-e-type=\"container\">\n\t\t\t\t<div class=\"elementor-element elementor-element-662c816e elementor-widget elementor-widget-image\" data-id=\"662c816e\" data-element_type=\"widget\" data-e-type=\"widget\" data-widget_type=\"image.default\">\n\t\t\t\t<div class=\"elementor-widget-container\">\n\t\t\t\t\t\t\t\t\t\t\t\t\t\t\t\t<a href=\"https:\/\/store.creality.com\/fr\/products\/falcon2-40w-graveur-et-decoupeur-laser?msockid=33fae0a7e7476bef3d30f351e69a6a13\" target=\"_blank\">\n\t\t\t\t\t\t\t<img decoding=\"async\" src=\"https:\/\/www.domotic.phdata.fr\/domotic\/wp-content\/uploads\/elementor\/thumbs\/Falcon2_40W-r9r8sspiweg367vpknrwknjn2u4qvh4w8k54ms84g8.webp\" title=\"Falcon2_40W\" alt=\"Falcon2_40W\" loading=\"lazy\" \/>\t\t\t\t\t\t\t\t<\/a>\n\t\t\t\t\t\t\t\t\t\t\t\t\t\t\t<\/div>\n\t\t\t\t<\/div>\n\t\t\t\t<div class=\"elementor-element elementor-element-7049196f elementor-widget elementor-widget-heading\" data-id=\"7049196f\" data-element_type=\"widget\" data-e-type=\"widget\" data-widget_type=\"heading.default\">\n\t\t\t\t<div class=\"elementor-widget-container\">\n\t\t\t\t\t<h2 class=\"elementor-heading-title elementor-size-default\">Le graveur Falcon 2 40W<\/h2>\t\t\t\t<\/div>\n\t\t\t\t<\/div>\n\t\t\t\t<\/div>\n\t\t<div class=\"elementor-element elementor-element-524f2b1a e-con-full e-flex e-con e-child\" data-id=\"524f2b1a\" data-element_type=\"container\" data-e-type=\"container\">\n\t\t\t\t<div class=\"elementor-element elementor-element-2dc79e00 elementor-widget elementor-widget-image\" data-id=\"2dc79e00\" data-element_type=\"widget\" data-e-type=\"widget\" data-widget_type=\"image.default\">\n\t\t\t\t<div class=\"elementor-widget-container\">\n\t\t\t\t\t\t\t\t\t\t\t\t\t\t\t\t<a href=\"https:\/\/www.domotic.phdata.fr\/domotic\/decoupe-laser-inkscape-lasergrbl\/\">\n\t\t\t\t\t\t\t<img decoding=\"async\" width=\"1024\" height=\"576\" src=\"https:\/\/www.domotic.phdata.fr\/domotic\/wp-content\/uploads\/2025\/08\/laserGRBL_miniature-1024x576.jpg\" class=\"attachment-large size-large wp-image-6226\" alt=\"\" srcset=\"https:\/\/www.domotic.phdata.fr\/domotic\/wp-content\/uploads\/2025\/08\/laserGRBL_miniature-1024x576.jpg 1024w, https:\/\/www.domotic.phdata.fr\/domotic\/wp-content\/uploads\/2025\/08\/laserGRBL_miniature-300x169.jpg 300w, https:\/\/www.domotic.phdata.fr\/domotic\/wp-content\/uploads\/2025\/08\/laserGRBL_miniature-768x432.jpg 768w, https:\/\/www.domotic.phdata.fr\/domotic\/wp-content\/uploads\/2025\/08\/laserGRBL_miniature-800x450.jpg 800w, https:\/\/www.domotic.phdata.fr\/domotic\/wp-content\/uploads\/2025\/08\/laserGRBL_miniature.jpg 1280w\" sizes=\"(max-width: 1024px) 100vw, 1024px\" \/>\t\t\t\t\t\t\t\t<\/a>\n\t\t\t\t\t\t\t\t\t\t\t\t\t\t\t<\/div>\n\t\t\t\t<\/div>\n\t\t\t\t<div class=\"elementor-element elementor-element-fee62f8 elementor-widget elementor-widget-heading\" data-id=\"fee62f8\" data-element_type=\"widget\" data-e-type=\"widget\" data-widget_type=\"heading.default\">\n\t\t\t\t<div class=\"elementor-widget-container\">\n\t\t\t\t\t<h2 class=\"elementor-heading-title elementor-size-default\">Les logiciels<\/h2>\t\t\t\t<\/div>\n\t\t\t\t<\/div>\n\t\t\t\t<\/div>\n\t\t<div class=\"elementor-element elementor-element-74701a79 e-con-full e-flex e-con e-child\" data-id=\"74701a79\" data-element_type=\"container\" data-e-type=\"container\">\n\t\t\t\t<div class=\"elementor-element elementor-element-1b1626ed elementor-widget elementor-widget-image\" data-id=\"1b1626ed\" data-element_type=\"widget\" data-e-type=\"widget\" data-widget_type=\"image.default\">\n\t\t\t\t<div class=\"elementor-widget-container\">\n\t\t\t\t\t\t\t\t\t\t\t\t\t\t\t<img decoding=\"async\" src=\"https:\/\/www.domotic.phdata.fr\/domotic\/wp-content\/uploads\/elementor\/thumbs\/projet-laser-decoupe-r9r9b8bkxfoiux3rxmmih032gv9vtsbe3spxg4w6fc.png\" title=\"projet laser decoupe\" alt=\"projet laser decoupe\" loading=\"lazy\" \/>\t\t\t\t\t\t\t\t\t\t\t\t\t\t\t<\/div>\n\t\t\t\t<\/div>\n\t\t\t\t<div class=\"elementor-element elementor-element-7d65d88f elementor-widget elementor-widget-heading\" data-id=\"7d65d88f\" data-element_type=\"widget\" data-e-type=\"widget\" data-widget_type=\"heading.default\">\n\t\t\t\t<div class=\"elementor-widget-container\">\n\t\t\t\t\t<h2 class=\"elementor-heading-title elementor-size-default\">Les projets<\/h2>\t\t\t\t<\/div>\n\t\t\t\t<\/div>\n\t\t\t\t<\/div>\n\t\t\t\t\t<\/div>\n\t\t\t\t<\/div>\n\t\t<div class=\"elementor-element elementor-element-1c3f6857 e-flex e-con-boxed e-con e-parent\" data-id=\"1c3f6857\" data-element_type=\"container\" data-e-type=\"container\">\n\t\t\t\t\t<div class=\"e-con-inner\">\n\t\t\t\t<div class=\"elementor-element elementor-element-1c50210b elementor-widget elementor-widget-text-editor\" data-id=\"1c50210b\" data-element_type=\"widget\" data-e-type=\"widget\" data-widget_type=\"text-editor.default\">\n\t\t\t\t<div class=\"elementor-widget-container\">\n\t\t\t\t\t\t\t\t\t<p>\t\t<div data-elementor-type=\"wp-post\" data-elementor-id=\"2509\" class=\"elementor elementor-2509\">\n\t\t\t\t<div class=\"elementor-element elementor-element-dc37c4c e-flex e-con-boxed e-con e-parent\" data-id=\"dc37c4c\" data-element_type=\"container\" data-e-type=\"container\" data-settings=\"{&quot;background_background&quot;:&quot;gradient&quot;}\">\n\t\t\t\t\t<div class=\"e-con-inner\">\n\t\t\t\t<div class=\"elementor-element elementor-element-31250bc elementor-widget elementor-widget-image\" data-id=\"31250bc\" data-element_type=\"widget\" data-e-type=\"widget\" data-widget_type=\"image.default\">\n\t\t\t\t<div class=\"elementor-widget-container\">\n\t\t\t\t\t\t\t\t\t\t\t\t\t\t\t<img loading=\"lazy\" decoding=\"async\" width=\"1000\" height=\"140\" src=\"https:\/\/www.domotic.phdata.fr\/domotic\/wp-content\/uploads\/2024\/06\/pied-de-page.webp\" class=\"attachment-large size-large wp-image-3167\" alt=\"\" srcset=\"https:\/\/www.domotic.phdata.fr\/domotic\/wp-content\/uploads\/2024\/06\/pied-de-page.webp 1000w, https:\/\/www.domotic.phdata.fr\/domotic\/wp-content\/uploads\/2024\/06\/pied-de-page-300x42.webp 300w, https:\/\/www.domotic.phdata.fr\/domotic\/wp-content\/uploads\/2024\/06\/pied-de-page-768x108.webp 768w, https:\/\/www.domotic.phdata.fr\/domotic\/wp-content\/uploads\/2024\/06\/pied-de-page-150x21.webp 150w\" sizes=\"(max-width: 1000px) 100vw, 1000px\" \/>\t\t\t\t\t\t\t\t\t\t\t\t\t\t\t<\/div>\n\t\t\t\t<\/div>\n\t\t\t\t<div class=\"elementor-element elementor-element-da41007 elementor-widget elementor-widget-text-editor\" data-id=\"da41007\" data-element_type=\"widget\" data-e-type=\"widget\" data-widget_type=\"text-editor.default\">\n\t\t\t\t<div class=\"elementor-widget-container\">\n\t\t\t\t\t\t\t\t\t<p style=\"text-align: center;\"><strong>Domotique &#8211; informatique &#8211; \u00e9lectronique &#8211; dictionnaire &#8211; projets<\/strong><\/p>\t\t\t\t\t\t\t\t<\/div>\n\t\t\t\t<\/div>\n\t\t\t\t<div class=\"elementor-element elementor-element-8a0e2d2 elementor-widget elementor-widget-text-editor\" data-id=\"8a0e2d2\" data-element_type=\"widget\" data-e-type=\"widget\" data-widget_type=\"text-editor.default\">\n\t\t\t\t<div class=\"elementor-widget-container\">\n\t\t\t\t\t\t\t\t\t<p>Copyright 2024<\/p>\t\t\t\t\t\t\t\t<\/div>\n\t\t\t\t<\/div>\n\t\t\t\t\t<\/div>\n\t\t\t\t<\/div>\n\t\t\t\t<\/div>\n\t\t<\/p>\t\t\t\t\t\t\t\t<\/div>\n\t\t\t\t<\/div>\n\t\t\t\t\t<\/div>\n\t\t\t\t<\/div>\n\t\t\t\t<\/div>\n\t\t","protected":false},"excerpt":{"rendered":"<p>Machine de Gravure Laser La gravure laser est une technologie moderne qui permet de personnaliser, d\u00e9couper ou marquer une grande vari\u00e9t\u00e9 de mat\u00e9riaux avec une pr\u00e9cision exceptionnelle. Gr\u00e2ce \u00e0 une machine de gravure laser, professionnels et passionn\u00e9s peuvent r\u00e9aliser des cr\u00e9ations uniques, durables et esth\u00e9tiques, dans les domaines de l\u2019art, de l\u2019industrie ou du design.\u00a0\u00e9volution. [&hellip;]<\/p>\n","protected":false},"author":1,"featured_media":0,"parent":0,"menu_order":0,"comment_status":"closed","ping_status":"closed","template":"","meta":{"_eb_attr":"","ocean_post_layout":"","ocean_both_sidebars_style":"","ocean_both_sidebars_content_width":0,"ocean_both_sidebars_sidebars_width":0,"ocean_sidebar":"","ocean_second_sidebar":"","ocean_disable_margins":"enable","ocean_add_body_class":"","ocean_shortcode_before_top_bar":"","ocean_shortcode_after_top_bar":"","ocean_shortcode_before_header":"","ocean_shortcode_after_header":"","ocean_has_shortcode":"","ocean_shortcode_after_title":"","ocean_shortcode_before_footer_widgets":"","ocean_shortcode_after_footer_widgets":"","ocean_shortcode_before_footer_bottom":"","ocean_shortcode_after_footer_bottom":"","ocean_display_top_bar":"default","ocean_display_header":"default","ocean_header_style":"","ocean_center_header_left_menu":"","ocean_custom_header_template":"","ocean_custom_logo":0,"ocean_custom_retina_logo":0,"ocean_custom_logo_max_width":0,"ocean_custom_logo_tablet_max_width":0,"ocean_custom_logo_mobile_max_width":0,"ocean_custom_logo_max_height":0,"ocean_custom_logo_tablet_max_height":0,"ocean_custom_logo_mobile_max_height":0,"ocean_header_custom_menu":"","ocean_menu_typo_font_family":"","ocean_menu_typo_font_subset":"","ocean_menu_typo_font_size":0,"ocean_menu_typo_font_size_tablet":0,"ocean_menu_typo_font_size_mobile":0,"ocean_menu_typo_font_size_unit":"px","ocean_menu_typo_font_weight":"","ocean_menu_typo_font_weight_tablet":"","ocean_menu_typo_font_weight_mobile":"","ocean_menu_typo_transform":"","ocean_menu_typo_transform_tablet":"","ocean_menu_typo_transform_mobile":"","ocean_menu_typo_line_height":0,"ocean_menu_typo_line_height_tablet":0,"ocean_menu_typo_line_height_mobile":0,"ocean_menu_typo_line_height_unit":"","ocean_menu_typo_spacing":0,"ocean_menu_typo_spacing_tablet":0,"ocean_menu_typo_spacing_mobile":0,"ocean_menu_typo_spacing_unit":"","ocean_menu_link_color":"","ocean_menu_link_color_hover":"","ocean_menu_link_color_active":"","ocean_menu_link_background":"","ocean_menu_link_hover_background":"","ocean_menu_link_active_background":"","ocean_menu_social_links_bg":"","ocean_menu_social_hover_links_bg":"","ocean_menu_social_links_color":"","ocean_menu_social_hover_links_color":"","ocean_disable_title":"default","ocean_disable_heading":"default","ocean_post_title":"","ocean_post_subheading":"","ocean_post_title_style":"","ocean_post_title_background_color":"","ocean_post_title_background":0,"ocean_post_title_bg_image_position":"","ocean_post_title_bg_image_attachment":"","ocean_post_title_bg_image_repeat":"","ocean_post_title_bg_image_size":"","ocean_post_title_height":0,"ocean_post_title_bg_overlay":0.5,"ocean_post_title_bg_overlay_color":"","ocean_disable_breadcrumbs":"default","ocean_breadcrumbs_color":"","ocean_breadcrumbs_separator_color":"","ocean_breadcrumbs_links_color":"","ocean_breadcrumbs_links_hover_color":"","ocean_display_footer_widgets":"default","ocean_display_footer_bottom":"default","ocean_custom_footer_template":"","footnotes":""},"class_list":["post-6215","page","type-page","status-publish","hentry","entry"],"jetpack_sharing_enabled":true,"_links":{"self":[{"href":"https:\/\/www.domotic.phdata.fr\/domotic\/wp-json\/wp\/v2\/pages\/6215","targetHints":{"allow":["GET"]}}],"collection":[{"href":"https:\/\/www.domotic.phdata.fr\/domotic\/wp-json\/wp\/v2\/pages"}],"about":[{"href":"https:\/\/www.domotic.phdata.fr\/domotic\/wp-json\/wp\/v2\/types\/page"}],"author":[{"embeddable":true,"href":"https:\/\/www.domotic.phdata.fr\/domotic\/wp-json\/wp\/v2\/users\/1"}],"replies":[{"embeddable":true,"href":"https:\/\/www.domotic.phdata.fr\/domotic\/wp-json\/wp\/v2\/comments?post=6215"}],"version-history":[{"count":10,"href":"https:\/\/www.domotic.phdata.fr\/domotic\/wp-json\/wp\/v2\/pages\/6215\/revisions"}],"predecessor-version":[{"id":6238,"href":"https:\/\/www.domotic.phdata.fr\/domotic\/wp-json\/wp\/v2\/pages\/6215\/revisions\/6238"}],"wp:attachment":[{"href":"https:\/\/www.domotic.phdata.fr\/domotic\/wp-json\/wp\/v2\/media?parent=6215"}],"curies":[{"name":"wp","href":"https:\/\/api.w.org\/{rel}","templated":true}]}}