{"id":846,"date":"2024-06-15T09:10:07","date_gmt":"2024-06-15T07:10:07","guid":{"rendered":"https:\/\/www.domotic.phdata.fr\/domotic\/?page_id=846"},"modified":"2024-06-23T16:01:00","modified_gmt":"2024-06-23T14:01:00","slug":"blog-2","status":"publish","type":"page","link":"https:\/\/www.domotic.phdata.fr\/domotic\/blog-2\/","title":{"rendered":"Blog"},"content":{"rendered":"\t\t<div data-elementor-type=\"wp-page\" data-elementor-id=\"846\" class=\"elementor elementor-846\">\n\t\t\t\t<div class=\"elementor-element elementor-element-284d1bf e-flex e-con-boxed e-con e-parent\" data-id=\"284d1bf\" data-element_type=\"container\" data-e-type=\"container\">\n\t\t\t\t\t<div class=\"e-con-inner\">\n\t\t\t\t<div class=\"elementor-element elementor-element-e268497 elementor-widget elementor-widget-image\" data-id=\"e268497\" data-element_type=\"widget\" data-e-type=\"widget\" data-widget_type=\"image.default\">\n\t\t\t\t<div class=\"elementor-widget-container\">\n\t\t\t\t\t\t\t\t\t\t\t\t\t\t\t<img fetchpriority=\"high\" decoding=\"async\" width=\"1000\" height=\"200\" src=\"https:\/\/www.domotic.phdata.fr\/domotic\/wp-content\/uploads\/2024\/06\/esp8266-e1718435997195.jpg\" class=\"attachment-large size-large wp-image-717\" alt=\"\" srcset=\"https:\/\/www.domotic.phdata.fr\/domotic\/wp-content\/uploads\/2024\/06\/esp8266-e1718435997195.jpg 1000w, https:\/\/www.domotic.phdata.fr\/domotic\/wp-content\/uploads\/2024\/06\/esp8266-e1718435997195-300x60.jpg 300w, https:\/\/www.domotic.phdata.fr\/domotic\/wp-content\/uploads\/2024\/06\/esp8266-e1718435997195-768x154.jpg 768w, https:\/\/www.domotic.phdata.fr\/domotic\/wp-content\/uploads\/2024\/06\/esp8266-e1718435997195-150x30.jpg 150w\" sizes=\"(max-width: 1000px) 100vw, 1000px\" \/>\t\t\t\t\t\t\t\t\t\t\t\t\t\t\t<\/div>\n\t\t\t\t<\/div>\n\t\t\t\t\t<\/div>\n\t\t\t\t<\/div>\n\t\t<div class=\"elementor-element elementor-element-96f5836 e-flex e-con-boxed e-con e-parent\" data-id=\"96f5836\" data-element_type=\"container\" data-e-type=\"container\">\n\t\t\t\t\t<div class=\"e-con-inner\">\n\t\t\t\t<div class=\"elementor-element elementor-element-effb092 elementor-widget elementor-widget-text-editor\" data-id=\"effb092\" data-element_type=\"widget\" data-e-type=\"widget\" data-widget_type=\"text-editor.default\">\n\t\t\t\t<div class=\"elementor-widget-container\">\n\t\t\t\t\t\t\t\t\t<p><\/p>\t\t\t\t\t\t\t\t<\/div>\n\t\t\t\t<\/div>\n\t\t\t\t\t<\/div>\n\t\t\t\t<\/div>\n\t\t<div class=\"elementor-element elementor-element-3e5d711 e-flex e-con-boxed e-con e-parent\" data-id=\"3e5d711\" data-element_type=\"container\" data-e-type=\"container\">\n\t\t\t\t\t<div class=\"e-con-inner\">\n\t\t<div class=\"elementor-element elementor-element-33ef108 e-con-full e-flex e-con e-child\" data-id=\"33ef108\" data-element_type=\"container\" data-e-type=\"container\">\n\t\t\t\t<div class=\"elementor-element elementor-element-8052fb2 elementor-widget elementor-widget-image\" data-id=\"8052fb2\" data-element_type=\"widget\" data-e-type=\"widget\" data-widget_type=\"image.default\">\n\t\t\t\t<div class=\"elementor-widget-container\">\n\t\t\t\t\t\t\t\t\t\t\t\t\t\t\t<img decoding=\"async\" width=\"280\" height=\"280\" src=\"https:\/\/www.domotic.phdata.fr\/domotic\/wp-content\/uploads\/2024\/06\/livre_ouvert.png\" class=\"attachment-large size-large wp-image-887\" alt=\"\" srcset=\"https:\/\/www.domotic.phdata.fr\/domotic\/wp-content\/uploads\/2024\/06\/livre_ouvert.png 280w, https:\/\/www.domotic.phdata.fr\/domotic\/wp-content\/uploads\/2024\/06\/livre_ouvert-150x150.png 150w\" sizes=\"(max-width: 280px) 100vw, 280px\" \/>\t\t\t\t\t\t\t\t\t\t\t\t\t\t\t<\/div>\n\t\t\t\t<\/div>\n\t\t\t\t<\/div>\n\t\t<div class=\"elementor-element elementor-element-505e0ab e-con-full e-flex e-con e-child\" data-id=\"505e0ab\" data-element_type=\"container\" data-e-type=\"container\">\n\t\t\t\t<div class=\"elementor-element elementor-element-0b59b09 elementor-widget elementor-widget-heading\" data-id=\"0b59b09\" data-element_type=\"widget\" data-e-type=\"widget\" data-widget_type=\"heading.default\">\n\t\t\t\t<div class=\"elementor-widget-container\">\n\t\t\t\t\t<h1 class=\"elementor-heading-title elementor-size-default\">BLOG<\/h1>\t\t\t\t<\/div>\n\t\t\t\t<\/div>\n\t\t\t\t<\/div>\n\t\t\t\t\t<\/div>\n\t\t\t\t<\/div>\n\t\t<div class=\"elementor-element elementor-element-7073ee6 e-flex e-con-boxed e-con e-parent\" data-id=\"7073ee6\" data-element_type=\"container\" data-e-type=\"container\">\n\t\t\t\t\t<div class=\"e-con-inner\">\n\t\t\t\t<div class=\"elementor-element elementor-element-eb9aba3 elementor-widget elementor-widget-text-editor\" data-id=\"eb9aba3\" data-element_type=\"widget\" data-e-type=\"widget\" data-widget_type=\"text-editor.default\">\n\t\t\t\t<div class=\"elementor-widget-container\">\n\t\t\t\t\t\t\t\t\t<p>Sur cette page, je centralise mes projets de domotique ainsi que l&rsquo;ensemble de mes activit\u00e9s et passions li\u00e9es \u00e0 divers domaines tels que la photographie, l&rsquo;\u00e9lectricit\u00e9 et l&rsquo;informatique. Ces projets sont \u00e9troitement li\u00e9s \u00e0 mes centres d&rsquo;int\u00e9r\u00eat et \u00e0 mes comp\u00e9tences techniques, et ils repr\u00e9sentent un v\u00e9ritable reflet de mon parcours et de mes explorations dans ces domaines fascinants.<\/p>\t\t\t\t\t\t\t\t<\/div>\n\t\t\t\t<\/div>\n\t\t\t\t\t<\/div>\n\t\t\t\t<\/div>\n\t\t<div class=\"elementor-element elementor-element-4817eee e-flex e-con-boxed e-con e-parent\" data-id=\"4817eee\" data-element_type=\"container\" data-e-type=\"container\">\n\t\t\t\t\t<div class=\"e-con-inner\">\n\t\t<div class=\"elementor-element elementor-element-e84397b e-con-full e-flex e-con e-child\" data-id=\"e84397b\" data-element_type=\"container\" data-e-type=\"container\">\n\t\t\t\t<div class=\"elementor-element elementor-element-45a48b1 elementor-widget elementor-widget-image\" data-id=\"45a48b1\" data-element_type=\"widget\" data-e-type=\"widget\" data-widget_type=\"image.default\">\n\t\t\t\t<div class=\"elementor-widget-container\">\n\t\t\t\t\t\t\t\t\t\t\t\t\t\t\t\t<a href=\"https:\/\/www.domotic.phdata.fr\/domotic\/electronique\">\n\t\t\t\t\t\t\t<img decoding=\"async\" width=\"922\" height=\"553\" src=\"https:\/\/www.domotic.phdata.fr\/domotic\/wp-content\/uploads\/2024\/06\/electricite.png\" class=\"attachment-large size-large wp-image-954\" alt=\"\" srcset=\"https:\/\/www.domotic.phdata.fr\/domotic\/wp-content\/uploads\/2024\/06\/electricite.png 922w, https:\/\/www.domotic.phdata.fr\/domotic\/wp-content\/uploads\/2024\/06\/electricite-300x180.png 300w, https:\/\/www.domotic.phdata.fr\/domotic\/wp-content\/uploads\/2024\/06\/electricite-768x461.png 768w, https:\/\/www.domotic.phdata.fr\/domotic\/wp-content\/uploads\/2024\/06\/electricite-150x90.png 150w\" sizes=\"(max-width: 922px) 100vw, 922px\" \/>\t\t\t\t\t\t\t\t<\/a>\n\t\t\t\t\t\t\t\t\t\t\t\t\t\t\t<\/div>\n\t\t\t\t<\/div>\n\t\t\t\t<div class=\"elementor-element elementor-element-b877c76 elementor-widget elementor-widget-heading\" data-id=\"b877c76\" data-element_type=\"widget\" data-e-type=\"widget\" data-widget_type=\"heading.default\">\n\t\t\t\t<div class=\"elementor-widget-container\">\n\t\t\t\t\t<h2 class=\"elementor-heading-title elementor-size-default\">Electronique<\/h2>\t\t\t\t<\/div>\n\t\t\t\t<\/div>\n\t\t\t\t<\/div>\n\t\t<div class=\"elementor-element elementor-element-684a25f e-con-full e-flex e-con e-child\" data-id=\"684a25f\" data-element_type=\"container\" data-e-type=\"container\">\n\t\t\t\t<div class=\"elementor-element elementor-element-5f3b6a3 elementor-widget elementor-widget-image\" data-id=\"5f3b6a3\" data-element_type=\"widget\" data-e-type=\"widget\" data-widget_type=\"image.default\">\n\t\t\t\t<div class=\"elementor-widget-container\">\n\t\t\t\t\t\t\t\t\t\t\t\t\t\t\t<img loading=\"lazy\" decoding=\"async\" width=\"922\" height=\"553\" src=\"https:\/\/www.domotic.phdata.fr\/domotic\/wp-content\/uploads\/2024\/06\/informatique.png\" class=\"attachment-large size-large wp-image-955\" alt=\"\" srcset=\"https:\/\/www.domotic.phdata.fr\/domotic\/wp-content\/uploads\/2024\/06\/informatique.png 922w, https:\/\/www.domotic.phdata.fr\/domotic\/wp-content\/uploads\/2024\/06\/informatique-300x180.png 300w, https:\/\/www.domotic.phdata.fr\/domotic\/wp-content\/uploads\/2024\/06\/informatique-768x461.png 768w, https:\/\/www.domotic.phdata.fr\/domotic\/wp-content\/uploads\/2024\/06\/informatique-150x90.png 150w\" sizes=\"(max-width: 922px) 100vw, 922px\" \/>\t\t\t\t\t\t\t\t\t\t\t\t\t\t\t<\/div>\n\t\t\t\t<\/div>\n\t\t\t\t<div class=\"elementor-element elementor-element-992f90e elementor-widget elementor-widget-heading\" data-id=\"992f90e\" data-element_type=\"widget\" data-e-type=\"widget\" data-widget_type=\"heading.default\">\n\t\t\t\t<div class=\"elementor-widget-container\">\n\t\t\t\t\t<h2 class=\"elementor-heading-title elementor-size-default\">Informatique<\/h2>\t\t\t\t<\/div>\n\t\t\t\t<\/div>\n\t\t\t\t<\/div>\n\t\t<div class=\"elementor-element elementor-element-7e71d09 e-con-full e-flex e-con e-child\" data-id=\"7e71d09\" data-element_type=\"container\" data-e-type=\"container\">\n\t\t\t\t<div class=\"elementor-element elementor-element-1057a07 elementor-widget elementor-widget-image\" data-id=\"1057a07\" data-element_type=\"widget\" data-e-type=\"widget\" data-widget_type=\"image.default\">\n\t\t\t\t<div class=\"elementor-widget-container\">\n\t\t\t\t\t\t\t\t\t\t\t\t\t\t\t\t<a href=\"https:\/\/www.domotic.phdata.fr\/domotic\/wp-admin\/domotique\">\n\t\t\t\t\t\t\t<img loading=\"lazy\" decoding=\"async\" width=\"922\" height=\"553\" src=\"https:\/\/www.domotic.phdata.fr\/domotic\/wp-content\/uploads\/2024\/06\/esp8266.png\" class=\"attachment-large size-large wp-image-939\" alt=\"\" srcset=\"https:\/\/www.domotic.phdata.fr\/domotic\/wp-content\/uploads\/2024\/06\/esp8266.png 922w, https:\/\/www.domotic.phdata.fr\/domotic\/wp-content\/uploads\/2024\/06\/esp8266-300x180.png 300w, https:\/\/www.domotic.phdata.fr\/domotic\/wp-content\/uploads\/2024\/06\/esp8266-768x461.png 768w, https:\/\/www.domotic.phdata.fr\/domotic\/wp-content\/uploads\/2024\/06\/esp8266-150x90.png 150w\" sizes=\"(max-width: 922px) 100vw, 922px\" \/>\t\t\t\t\t\t\t\t<\/a>\n\t\t\t\t\t\t\t\t\t\t\t\t\t\t\t<\/div>\n\t\t\t\t<\/div>\n\t\t\t\t<div class=\"elementor-element elementor-element-ce109ea elementor-widget elementor-widget-heading\" data-id=\"ce109ea\" data-element_type=\"widget\" data-e-type=\"widget\" data-widget_type=\"heading.default\">\n\t\t\t\t<div class=\"elementor-widget-container\">\n\t\t\t\t\t<h2 class=\"elementor-heading-title elementor-size-default\">Domotique<\/h2>\t\t\t\t<\/div>\n\t\t\t\t<\/div>\n\t\t\t\t<\/div>\n\t\t\t\t\t<\/div>\n\t\t\t\t<\/div>\n\t\t<div class=\"elementor-element elementor-element-3f607bf e-flex e-con-boxed e-con e-parent\" data-id=\"3f607bf\" data-element_type=\"container\" data-e-type=\"container\">\n\t\t\t\t\t<div class=\"e-con-inner\">\n\t\t<div class=\"elementor-element elementor-element-e3425b8 e-con-full e-flex e-con e-child\" data-id=\"e3425b8\" data-element_type=\"container\" data-e-type=\"container\">\n\t\t\t\t<div class=\"elementor-element elementor-element-80f5ccb elementor-widget elementor-widget-image\" data-id=\"80f5ccb\" data-element_type=\"widget\" data-e-type=\"widget\" data-widget_type=\"image.default\">\n\t\t\t\t<div class=\"elementor-widget-container\">\n\t\t\t\t\t\t\t\t\t\t\t\t\t\t\t\t<a href=\"https:\/\/www.domotic.phdata.fr\/domotic\/projets\">\n\t\t\t\t\t\t\t<img loading=\"lazy\" decoding=\"async\" width=\"922\" height=\"553\" src=\"https:\/\/www.domotic.phdata.fr\/domotic\/wp-content\/uploads\/2024\/06\/projet.png\" class=\"attachment-large size-large wp-image-977\" alt=\"\" srcset=\"https:\/\/www.domotic.phdata.fr\/domotic\/wp-content\/uploads\/2024\/06\/projet.png 922w, https:\/\/www.domotic.phdata.fr\/domotic\/wp-content\/uploads\/2024\/06\/projet-300x180.png 300w, https:\/\/www.domotic.phdata.fr\/domotic\/wp-content\/uploads\/2024\/06\/projet-768x461.png 768w, https:\/\/www.domotic.phdata.fr\/domotic\/wp-content\/uploads\/2024\/06\/projet-150x90.png 150w\" sizes=\"(max-width: 922px) 100vw, 922px\" \/>\t\t\t\t\t\t\t\t<\/a>\n\t\t\t\t\t\t\t\t\t\t\t\t\t\t\t<\/div>\n\t\t\t\t<\/div>\n\t\t\t\t<div class=\"elementor-element elementor-element-3b74f6b elementor-widget elementor-widget-heading\" data-id=\"3b74f6b\" data-element_type=\"widget\" data-e-type=\"widget\" data-widget_type=\"heading.default\">\n\t\t\t\t<div class=\"elementor-widget-container\">\n\t\t\t\t\t<h2 class=\"elementor-heading-title elementor-size-default\">Projets<\/h2>\t\t\t\t<\/div>\n\t\t\t\t<\/div>\n\t\t\t\t<\/div>\n\t\t<div class=\"elementor-element elementor-element-b6211a1 e-con-full e-flex e-con e-child\" data-id=\"b6211a1\" data-element_type=\"container\" data-e-type=\"container\">\n\t\t\t\t<div class=\"elementor-element elementor-element-5fa72fa elementor-widget elementor-widget-image\" data-id=\"5fa72fa\" data-element_type=\"widget\" data-e-type=\"widget\" data-widget_type=\"image.default\">\n\t\t\t\t<div class=\"elementor-widget-container\">\n\t\t\t\t\t\t\t\t\t\t\t\t\t\t\t\t<a href=\"https:\/\/www.domotic.phdata.fr\/domotic\/dico\">\n\t\t\t\t\t\t\t<img loading=\"lazy\" decoding=\"async\" width=\"922\" height=\"553\" src=\"https:\/\/www.domotic.phdata.fr\/domotic\/wp-content\/uploads\/2024\/06\/dico.png\" class=\"attachment-large size-large wp-image-975\" alt=\"\" srcset=\"https:\/\/www.domotic.phdata.fr\/domotic\/wp-content\/uploads\/2024\/06\/dico.png 922w, https:\/\/www.domotic.phdata.fr\/domotic\/wp-content\/uploads\/2024\/06\/dico-300x180.png 300w, https:\/\/www.domotic.phdata.fr\/domotic\/wp-content\/uploads\/2024\/06\/dico-768x461.png 768w, https:\/\/www.domotic.phdata.fr\/domotic\/wp-content\/uploads\/2024\/06\/dico-150x90.png 150w\" sizes=\"(max-width: 922px) 100vw, 922px\" \/>\t\t\t\t\t\t\t\t<\/a>\n\t\t\t\t\t\t\t\t\t\t\t\t\t\t\t<\/div>\n\t\t\t\t<\/div>\n\t\t\t\t<div class=\"elementor-element elementor-element-c1c3465 elementor-widget elementor-widget-heading\" data-id=\"c1c3465\" data-element_type=\"widget\" data-e-type=\"widget\" data-widget_type=\"heading.default\">\n\t\t\t\t<div class=\"elementor-widget-container\">\n\t\t\t\t\t<h2 class=\"elementor-heading-title elementor-size-default\">Dictionnaires<\/h2>\t\t\t\t<\/div>\n\t\t\t\t<\/div>\n\t\t\t\t<\/div>\n\t\t<div class=\"elementor-element elementor-element-3833714 e-con-full e-flex e-con e-child\" data-id=\"3833714\" data-element_type=\"container\" data-e-type=\"container\">\n\t\t\t\t<div class=\"elementor-element elementor-element-192f0fc elementor-widget elementor-widget-image\" data-id=\"192f0fc\" data-element_type=\"widget\" data-e-type=\"widget\" data-widget_type=\"image.default\">\n\t\t\t\t<div class=\"elementor-widget-container\">\n\t\t\t\t\t\t\t\t\t\t\t\t\t\t\t<img loading=\"lazy\" decoding=\"async\" width=\"922\" height=\"553\" src=\"https:\/\/www.domotic.phdata.fr\/domotic\/wp-content\/uploads\/2024\/06\/site-web.png\" class=\"attachment-large size-large wp-image-976\" alt=\"\" srcset=\"https:\/\/www.domotic.phdata.fr\/domotic\/wp-content\/uploads\/2024\/06\/site-web.png 922w, https:\/\/www.domotic.phdata.fr\/domotic\/wp-content\/uploads\/2024\/06\/site-web-300x180.png 300w, https:\/\/www.domotic.phdata.fr\/domotic\/wp-content\/uploads\/2024\/06\/site-web-768x461.png 768w, https:\/\/www.domotic.phdata.fr\/domotic\/wp-content\/uploads\/2024\/06\/site-web-150x90.png 150w\" sizes=\"(max-width: 922px) 100vw, 922px\" \/>\t\t\t\t\t\t\t\t\t\t\t\t\t\t\t<\/div>\n\t\t\t\t<\/div>\n\t\t\t\t<div class=\"elementor-element elementor-element-ba259d3 elementor-widget elementor-widget-heading\" data-id=\"ba259d3\" data-element_type=\"widget\" data-e-type=\"widget\" data-widget_type=\"heading.default\">\n\t\t\t\t<div class=\"elementor-widget-container\">\n\t\t\t\t\t<h2 class=\"elementor-heading-title elementor-size-default\">Site web<\/h2>\t\t\t\t<\/div>\n\t\t\t\t<\/div>\n\t\t\t\t<\/div>\n\t\t\t\t\t<\/div>\n\t\t\t\t<\/div>\n\t\t<div class=\"elementor-element elementor-element-956dc23 e-flex e-con-boxed e-con e-parent\" data-id=\"956dc23\" data-element_type=\"container\" data-e-type=\"container\">\n\t\t\t\t\t<div class=\"e-con-inner\">\n\t\t\t\t<div class=\"elementor-element elementor-element-4690b75 elementor-widget elementor-widget-text-editor\" data-id=\"4690b75\" data-element_type=\"widget\" data-e-type=\"widget\" data-widget_type=\"text-editor.default\">\n\t\t\t\t<div class=\"elementor-widget-container\">\n\t\t\t\t\t\t\t\t\t<p>\t\t<div data-elementor-type=\"wp-post\" data-elementor-id=\"2509\" class=\"elementor elementor-2509\">\n\t\t\t\t<div class=\"elementor-element elementor-element-dc37c4c e-flex e-con-boxed e-con e-parent\" data-id=\"dc37c4c\" data-element_type=\"container\" data-e-type=\"container\" data-settings=\"{&quot;background_background&quot;:&quot;gradient&quot;}\">\n\t\t\t\t\t<div class=\"e-con-inner\">\n\t\t\t\t<div class=\"elementor-element elementor-element-31250bc elementor-widget elementor-widget-image\" data-id=\"31250bc\" data-element_type=\"widget\" data-e-type=\"widget\" data-widget_type=\"image.default\">\n\t\t\t\t<div class=\"elementor-widget-container\">\n\t\t\t\t\t\t\t\t\t\t\t\t\t\t\t<img loading=\"lazy\" decoding=\"async\" width=\"1000\" height=\"140\" src=\"https:\/\/www.domotic.phdata.fr\/domotic\/wp-content\/uploads\/2024\/06\/pied-de-page.webp\" class=\"attachment-large size-large wp-image-3167\" alt=\"\" srcset=\"https:\/\/www.domotic.phdata.fr\/domotic\/wp-content\/uploads\/2024\/06\/pied-de-page.webp 1000w, https:\/\/www.domotic.phdata.fr\/domotic\/wp-content\/uploads\/2024\/06\/pied-de-page-300x42.webp 300w, https:\/\/www.domotic.phdata.fr\/domotic\/wp-content\/uploads\/2024\/06\/pied-de-page-768x108.webp 768w, https:\/\/www.domotic.phdata.fr\/domotic\/wp-content\/uploads\/2024\/06\/pied-de-page-150x21.webp 150w\" sizes=\"(max-width: 1000px) 100vw, 1000px\" \/>\t\t\t\t\t\t\t\t\t\t\t\t\t\t\t<\/div>\n\t\t\t\t<\/div>\n\t\t\t\t<div class=\"elementor-element elementor-element-da41007 elementor-widget elementor-widget-text-editor\" data-id=\"da41007\" data-element_type=\"widget\" data-e-type=\"widget\" data-widget_type=\"text-editor.default\">\n\t\t\t\t<div class=\"elementor-widget-container\">\n\t\t\t\t\t\t\t\t\t<p style=\"text-align: center;\"><strong>Domotique &#8211; informatique &#8211; \u00e9lectronique &#8211; dictionnaire &#8211; projets<\/strong><\/p>\t\t\t\t\t\t\t\t<\/div>\n\t\t\t\t<\/div>\n\t\t\t\t<div class=\"elementor-element elementor-element-8a0e2d2 elementor-widget elementor-widget-text-editor\" data-id=\"8a0e2d2\" data-element_type=\"widget\" data-e-type=\"widget\" data-widget_type=\"text-editor.default\">\n\t\t\t\t<div class=\"elementor-widget-container\">\n\t\t\t\t\t\t\t\t\t<p>Copyright 2024<\/p>\t\t\t\t\t\t\t\t<\/div>\n\t\t\t\t<\/div>\n\t\t\t\t\t<\/div>\n\t\t\t\t<\/div>\n\t\t\t\t<\/div>\n\t\t<\/p>\t\t\t\t\t\t\t\t<\/div>\n\t\t\t\t<\/div>\n\t\t\t\t\t<\/div>\n\t\t\t\t<\/div>\n\t\t\t\t<\/div>\n\t\t","protected":false},"excerpt":{"rendered":"<p>BLOG Sur cette page, je centralise mes projets de domotique ainsi que l&rsquo;ensemble de mes activit\u00e9s et passions li\u00e9es \u00e0 divers domaines tels que la photographie, l&rsquo;\u00e9lectricit\u00e9 et l&rsquo;informatique. Ces projets sont \u00e9troitement li\u00e9s \u00e0 mes centres d&rsquo;int\u00e9r\u00eat et \u00e0 mes comp\u00e9tences techniques, et ils repr\u00e9sentent un v\u00e9ritable reflet de mon parcours et de mes [&hellip;]<\/p>\n","protected":false},"author":1,"featured_media":0,"parent":0,"menu_order":0,"comment_status":"closed","ping_status":"closed","template":"elementor_canvas","meta":{"_eb_attr":"","ocean_post_layout":"","ocean_both_sidebars_style":"","ocean_both_sidebars_content_width":0,"ocean_both_sidebars_sidebars_width":0,"ocean_sidebar":"","ocean_second_sidebar":"","ocean_disable_margins":"enable","ocean_add_body_class":"","ocean_shortcode_before_top_bar":"","ocean_shortcode_after_top_bar":"","ocean_shortcode_before_header":"","ocean_shortcode_after_header":"","ocean_has_shortcode":"","ocean_shortcode_after_title":"","ocean_shortcode_before_footer_widgets":"","ocean_shortcode_after_footer_widgets":"","ocean_shortcode_before_footer_bottom":"","ocean_shortcode_after_footer_bottom":"","ocean_display_top_bar":"default","ocean_display_header":"default","ocean_header_style":"","ocean_center_header_left_menu":"","ocean_custom_header_template":"","ocean_custom_logo":0,"ocean_custom_retina_logo":0,"ocean_custom_logo_max_width":0,"ocean_custom_logo_tablet_max_width":0,"ocean_custom_logo_mobile_max_width":0,"ocean_custom_logo_max_height":0,"ocean_custom_logo_tablet_max_height":0,"ocean_custom_logo_mobile_max_height":0,"ocean_header_custom_menu":"","ocean_menu_typo_font_family":"","ocean_menu_typo_font_subset":"","ocean_menu_typo_font_size":0,"ocean_menu_typo_font_size_tablet":0,"ocean_menu_typo_font_size_mobile":0,"ocean_menu_typo_font_size_unit":"px","ocean_menu_typo_font_weight":"","ocean_menu_typo_font_weight_tablet":"","ocean_menu_typo_font_weight_mobile":"","ocean_menu_typo_transform":"","ocean_menu_typo_transform_tablet":"","ocean_menu_typo_transform_mobile":"","ocean_menu_typo_line_height":0,"ocean_menu_typo_line_height_tablet":0,"ocean_menu_typo_line_height_mobile":0,"ocean_menu_typo_line_height_unit":"","ocean_menu_typo_spacing":0,"ocean_menu_typo_spacing_tablet":0,"ocean_menu_typo_spacing_mobile":0,"ocean_menu_typo_spacing_unit":"","ocean_menu_link_color":"","ocean_menu_link_color_hover":"","ocean_menu_link_color_active":"","ocean_menu_link_background":"","ocean_menu_link_hover_background":"","ocean_menu_link_active_background":"","ocean_menu_social_links_bg":"","ocean_menu_social_hover_links_bg":"","ocean_menu_social_links_color":"","ocean_menu_social_hover_links_color":"","ocean_disable_title":"default","ocean_disable_heading":"default","ocean_post_title":"","ocean_post_subheading":"","ocean_post_title_style":"","ocean_post_title_background_color":"","ocean_post_title_background":0,"ocean_post_title_bg_image_position":"","ocean_post_title_bg_image_attachment":"","ocean_post_title_bg_image_repeat":"","ocean_post_title_bg_image_size":"","ocean_post_title_height":0,"ocean_post_title_bg_overlay":0.5,"ocean_post_title_bg_overlay_color":"","ocean_disable_breadcrumbs":"default","ocean_breadcrumbs_color":"","ocean_breadcrumbs_separator_color":"","ocean_breadcrumbs_links_color":"","ocean_breadcrumbs_links_hover_color":"","ocean_display_footer_widgets":"default","ocean_display_footer_bottom":"default","ocean_custom_footer_template":"","footnotes":""},"class_list":["post-846","page","type-page","status-publish","hentry","entry"],"jetpack_sharing_enabled":true,"_links":{"self":[{"href":"https:\/\/www.domotic.phdata.fr\/domotic\/wp-json\/wp\/v2\/pages\/846","targetHints":{"allow":["GET"]}}],"collection":[{"href":"https:\/\/www.domotic.phdata.fr\/domotic\/wp-json\/wp\/v2\/pages"}],"about":[{"href":"https:\/\/www.domotic.phdata.fr\/domotic\/wp-json\/wp\/v2\/types\/page"}],"author":[{"embeddable":true,"href":"https:\/\/www.domotic.phdata.fr\/domotic\/wp-json\/wp\/v2\/users\/1"}],"replies":[{"embeddable":true,"href":"https:\/\/www.domotic.phdata.fr\/domotic\/wp-json\/wp\/v2\/comments?post=846"}],"version-history":[{"count":169,"href":"https:\/\/www.domotic.phdata.fr\/domotic\/wp-json\/wp\/v2\/pages\/846\/revisions"}],"predecessor-version":[{"id":3222,"href":"https:\/\/www.domotic.phdata.fr\/domotic\/wp-json\/wp\/v2\/pages\/846\/revisions\/3222"}],"wp:attachment":[{"href":"https:\/\/www.domotic.phdata.fr\/domotic\/wp-json\/wp\/v2\/media?parent=846"}],"curies":[{"name":"wp","href":"https:\/\/api.w.org\/{rel}","templated":true}]}}