{"id":987,"date":"2024-06-15T11:24:57","date_gmt":"2024-06-15T09:24:57","guid":{"rendered":"https:\/\/www.domotic.phdata.fr\/domotic\/?page_id=987"},"modified":"2024-06-23T16:08:09","modified_gmt":"2024-06-23T14:08:09","slug":"electronique","status":"publish","type":"page","link":"https:\/\/www.domotic.phdata.fr\/domotic\/electronique\/","title":{"rendered":"Electronique"},"content":{"rendered":"\t\t<div data-elementor-type=\"wp-page\" data-elementor-id=\"987\" class=\"elementor elementor-987\">\n\t\t\t\t<div class=\"elementor-element elementor-element-284d1bf e-flex e-con-boxed e-con e-parent\" data-id=\"284d1bf\" data-element_type=\"container\" data-e-type=\"container\">\n\t\t\t\t\t<div class=\"e-con-inner\">\n\t\t\t\t<div class=\"elementor-element elementor-element-e268497 elementor-widget elementor-widget-image\" data-id=\"e268497\" data-element_type=\"widget\" data-e-type=\"widget\" data-widget_type=\"image.default\">\n\t\t\t\t<div class=\"elementor-widget-container\">\n\t\t\t\t\t\t\t\t\t\t\t\t\t\t\t<img fetchpriority=\"high\" decoding=\"async\" width=\"922\" height=\"553\" src=\"https:\/\/www.domotic.phdata.fr\/domotic\/wp-content\/uploads\/2024\/06\/electricite.png\" class=\"attachment-large size-large wp-image-954\" alt=\"\" srcset=\"https:\/\/www.domotic.phdata.fr\/domotic\/wp-content\/uploads\/2024\/06\/electricite.png 922w, https:\/\/www.domotic.phdata.fr\/domotic\/wp-content\/uploads\/2024\/06\/electricite-300x180.png 300w, https:\/\/www.domotic.phdata.fr\/domotic\/wp-content\/uploads\/2024\/06\/electricite-768x461.png 768w, https:\/\/www.domotic.phdata.fr\/domotic\/wp-content\/uploads\/2024\/06\/electricite-150x90.png 150w\" sizes=\"(max-width: 922px) 100vw, 922px\" \/>\t\t\t\t\t\t\t\t\t\t\t\t\t\t\t<\/div>\n\t\t\t\t<\/div>\n\t\t\t\t\t<\/div>\n\t\t\t\t<\/div>\n\t\t<div class=\"elementor-element elementor-element-6e39522a e-flex e-con-boxed e-con e-parent\" data-id=\"6e39522a\" data-element_type=\"container\" data-e-type=\"container\">\n\t\t\t\t\t<div class=\"e-con-inner\">\n\t\t\t\t<div class=\"elementor-element elementor-element-5fe2633a elementor-widget elementor-widget-text-editor\" data-id=\"5fe2633a\" data-element_type=\"widget\" data-e-type=\"widget\" data-widget_type=\"text-editor.default\">\n\t\t\t\t<div class=\"elementor-widget-container\">\n\t\t\t\t\t\t\t\t\t<p><\/p>\t\t\t\t\t\t\t\t<\/div>\n\t\t\t\t<\/div>\n\t\t\t\t\t<\/div>\n\t\t\t\t<\/div>\n\t\t<div class=\"elementor-element elementor-element-3e5d711 e-flex e-con-boxed e-con e-parent\" data-id=\"3e5d711\" data-element_type=\"container\" data-e-type=\"container\">\n\t\t\t\t\t<div class=\"e-con-inner\">\n\t\t<div class=\"elementor-element elementor-element-33ef108 e-con-full e-flex e-con e-child\" data-id=\"33ef108\" data-element_type=\"container\" data-e-type=\"container\">\n\t\t\t\t<div class=\"elementor-element elementor-element-8052fb2 elementor-widget elementor-widget-image\" data-id=\"8052fb2\" data-element_type=\"widget\" data-e-type=\"widget\" data-widget_type=\"image.default\">\n\t\t\t\t<div class=\"elementor-widget-container\">\n\t\t\t\t\t\t\t\t\t\t\t\t\t\t\t<img decoding=\"async\" width=\"990\" height=\"990\" src=\"https:\/\/www.domotic.phdata.fr\/domotic\/wp-content\/uploads\/2024\/06\/15915.png\" class=\"attachment-large size-large wp-image-988\" alt=\"\" srcset=\"https:\/\/www.domotic.phdata.fr\/domotic\/wp-content\/uploads\/2024\/06\/15915.png 990w, https:\/\/www.domotic.phdata.fr\/domotic\/wp-content\/uploads\/2024\/06\/15915-300x300.png 300w, https:\/\/www.domotic.phdata.fr\/domotic\/wp-content\/uploads\/2024\/06\/15915-150x150.png 150w, https:\/\/www.domotic.phdata.fr\/domotic\/wp-content\/uploads\/2024\/06\/15915-768x768.png 768w\" sizes=\"(max-width: 990px) 100vw, 990px\" \/>\t\t\t\t\t\t\t\t\t\t\t\t\t\t\t<\/div>\n\t\t\t\t<\/div>\n\t\t\t\t<\/div>\n\t\t<div class=\"elementor-element elementor-element-505e0ab e-con-full e-flex e-con e-child\" data-id=\"505e0ab\" data-element_type=\"container\" data-e-type=\"container\">\n\t\t\t\t<div class=\"elementor-element elementor-element-0b59b09 elementor-widget elementor-widget-heading\" data-id=\"0b59b09\" data-element_type=\"widget\" data-e-type=\"widget\" data-widget_type=\"heading.default\">\n\t\t\t\t<div class=\"elementor-widget-container\">\n\t\t\t\t\t<h1 class=\"elementor-heading-title elementor-size-default\">Electronique<\/h1>\t\t\t\t<\/div>\n\t\t\t\t<\/div>\n\t\t\t\t<\/div>\n\t\t\t\t\t<\/div>\n\t\t\t\t<\/div>\n\t\t<div class=\"elementor-element elementor-element-7073ee6 e-flex e-con-boxed e-con e-parent\" data-id=\"7073ee6\" data-element_type=\"container\" data-e-type=\"container\">\n\t\t\t\t\t<div class=\"e-con-inner\">\n\t\t\t\t<div class=\"elementor-element elementor-element-eb9aba3 elementor-widget elementor-widget-text-editor\" data-id=\"eb9aba3\" data-element_type=\"widget\" data-e-type=\"widget\" data-widget_type=\"text-editor.default\">\n\t\t\t\t<div class=\"elementor-widget-container\">\n\t\t\t\t\t\t\t\t\t<p>L&rsquo;\u00e9lectronique est une comp\u00e9tence fondamentale pour moi, essentielle \u00e0 la r\u00e9alisation de nombreux projets techniques. Que ce soit pour la conception de circuits pour mes projets de domotique ou pour la r\u00e9paration et l&rsquo;am\u00e9lioration d&rsquo;\u00e9quipements \u00e9lectroniques, mes connaissances sont constamment mises \u00e0 profit. J&rsquo;aime explorer les nouveaux composants et technologies pour rester \u00e0 la pointe de ce domaine en constante \u00e9volution.<\/p>\t\t\t\t\t\t\t\t<\/div>\n\t\t\t\t<\/div>\n\t\t\t\t\t<\/div>\n\t\t\t\t<\/div>\n\t\t<div class=\"elementor-element elementor-element-4817eee e-flex e-con-boxed e-con e-parent\" data-id=\"4817eee\" data-element_type=\"container\" data-e-type=\"container\">\n\t\t\t\t\t<div class=\"e-con-inner\">\n\t\t<div class=\"elementor-element elementor-element-684a25f e-con-full e-flex e-con e-child\" data-id=\"684a25f\" data-element_type=\"container\" data-e-type=\"container\">\n\t\t\t\t<div class=\"elementor-element elementor-element-aa94ee8 elementor-widget elementor-widget-image\" data-id=\"aa94ee8\" data-element_type=\"widget\" data-e-type=\"widget\" data-widget_type=\"image.default\">\n\t\t\t\t<div class=\"elementor-widget-container\">\n\t\t\t\t\t\t\t\t\t\t\t\t\t\t\t\t<a href=\"https:\/\/www.domotic.phdata.fr\/domotic\/composants-de-base\/\">\n\t\t\t\t\t\t\t<img decoding=\"async\" width=\"1000\" height=\"600\" src=\"https:\/\/www.domotic.phdata.fr\/domotic\/wp-content\/uploads\/2024\/06\/composant-electronique-1.png\" class=\"attachment-large size-large wp-image-1017\" alt=\"\" srcset=\"https:\/\/www.domotic.phdata.fr\/domotic\/wp-content\/uploads\/2024\/06\/composant-electronique-1.png 1000w, https:\/\/www.domotic.phdata.fr\/domotic\/wp-content\/uploads\/2024\/06\/composant-electronique-1-300x180.png 300w, https:\/\/www.domotic.phdata.fr\/domotic\/wp-content\/uploads\/2024\/06\/composant-electronique-1-768x461.png 768w, https:\/\/www.domotic.phdata.fr\/domotic\/wp-content\/uploads\/2024\/06\/composant-electronique-1-150x90.png 150w\" sizes=\"(max-width: 1000px) 100vw, 1000px\" \/>\t\t\t\t\t\t\t\t<\/a>\n\t\t\t\t\t\t\t\t\t\t\t\t\t\t\t<\/div>\n\t\t\t\t<\/div>\n\t\t\t\t<div class=\"elementor-element elementor-element-992f90e elementor-widget elementor-widget-heading\" data-id=\"992f90e\" data-element_type=\"widget\" data-e-type=\"widget\" data-widget_type=\"heading.default\">\n\t\t\t\t<div class=\"elementor-widget-container\">\n\t\t\t\t\t<h2 class=\"elementor-heading-title elementor-size-default\">Composants de base<\/h2>\t\t\t\t<\/div>\n\t\t\t\t<\/div>\n\t\t\t\t<\/div>\n\t\t<div class=\"elementor-element elementor-element-10d0000 e-con-full e-flex e-con e-child\" data-id=\"10d0000\" data-element_type=\"container\" data-e-type=\"container\">\n\t\t\t\t<div class=\"elementor-element elementor-element-b1fe2f4 elementor-widget elementor-widget-image\" data-id=\"b1fe2f4\" data-element_type=\"widget\" data-e-type=\"widget\" data-widget_type=\"image.default\">\n\t\t\t\t<div class=\"elementor-widget-container\">\n\t\t\t\t\t\t\t\t\t\t\t\t\t\t\t\t<a href=\"https:\/\/www.domotic.phdata.fr\/domotic\/composants-de-puissance\">\n\t\t\t\t\t\t\t<img loading=\"lazy\" decoding=\"async\" width=\"1000\" height=\"600\" src=\"https:\/\/www.domotic.phdata.fr\/domotic\/wp-content\/uploads\/2024\/06\/composant-puissance.png\" class=\"attachment-large size-large wp-image-1023\" alt=\"\" srcset=\"https:\/\/www.domotic.phdata.fr\/domotic\/wp-content\/uploads\/2024\/06\/composant-puissance.png 1000w, https:\/\/www.domotic.phdata.fr\/domotic\/wp-content\/uploads\/2024\/06\/composant-puissance-300x180.png 300w, https:\/\/www.domotic.phdata.fr\/domotic\/wp-content\/uploads\/2024\/06\/composant-puissance-768x461.png 768w, https:\/\/www.domotic.phdata.fr\/domotic\/wp-content\/uploads\/2024\/06\/composant-puissance-150x90.png 150w\" sizes=\"(max-width: 1000px) 100vw, 1000px\" \/>\t\t\t\t\t\t\t\t<\/a>\n\t\t\t\t\t\t\t\t\t\t\t\t\t\t\t<\/div>\n\t\t\t\t<\/div>\n\t\t\t\t<div class=\"elementor-element elementor-element-7bb685b elementor-widget elementor-widget-heading\" data-id=\"7bb685b\" data-element_type=\"widget\" data-e-type=\"widget\" data-widget_type=\"heading.default\">\n\t\t\t\t<div class=\"elementor-widget-container\">\n\t\t\t\t\t<h2 class=\"elementor-heading-title elementor-size-default\">Composants de puissance<\/h2>\t\t\t\t<\/div>\n\t\t\t\t<\/div>\n\t\t\t\t<\/div>\n\t\t<div class=\"elementor-element elementor-element-02e3b52 e-con-full e-flex e-con e-child\" data-id=\"02e3b52\" data-element_type=\"container\" data-e-type=\"container\">\n\t\t\t\t<div class=\"elementor-element elementor-element-47a1cee elementor-widget elementor-widget-image\" data-id=\"47a1cee\" data-element_type=\"widget\" data-e-type=\"widget\" data-widget_type=\"image.default\">\n\t\t\t\t<div class=\"elementor-widget-container\">\n\t\t\t\t\t\t\t\t\t\t\t\t\t\t\t\t<a href=\"https:\/\/www.domotic.phdata.fr\/domotic\/composants-semi-conducteur\/\">\n\t\t\t\t\t\t\t<img loading=\"lazy\" decoding=\"async\" width=\"1000\" height=\"600\" src=\"https:\/\/www.domotic.phdata.fr\/domotic\/wp-content\/uploads\/2024\/06\/composant-semi-conducteur.png\" class=\"attachment-large size-large wp-image-1022\" alt=\"\" srcset=\"https:\/\/www.domotic.phdata.fr\/domotic\/wp-content\/uploads\/2024\/06\/composant-semi-conducteur.png 1000w, https:\/\/www.domotic.phdata.fr\/domotic\/wp-content\/uploads\/2024\/06\/composant-semi-conducteur-300x180.png 300w, https:\/\/www.domotic.phdata.fr\/domotic\/wp-content\/uploads\/2024\/06\/composant-semi-conducteur-768x461.png 768w, https:\/\/www.domotic.phdata.fr\/domotic\/wp-content\/uploads\/2024\/06\/composant-semi-conducteur-150x90.png 150w\" sizes=\"(max-width: 1000px) 100vw, 1000px\" \/>\t\t\t\t\t\t\t\t<\/a>\n\t\t\t\t\t\t\t\t\t\t\t\t\t\t\t<\/div>\n\t\t\t\t<\/div>\n\t\t\t\t<div class=\"elementor-element elementor-element-13d7eea elementor-widget elementor-widget-heading\" data-id=\"13d7eea\" data-element_type=\"widget\" data-e-type=\"widget\" data-widget_type=\"heading.default\">\n\t\t\t\t<div class=\"elementor-widget-container\">\n\t\t\t\t\t<h2 class=\"elementor-heading-title elementor-size-default\">Composants semi-conducteur<\/h2>\t\t\t\t<\/div>\n\t\t\t\t<\/div>\n\t\t\t\t<\/div>\n\t\t\t\t\t<\/div>\n\t\t\t\t<\/div>\n\t\t<div class=\"elementor-element elementor-element-7b5d6649 e-flex e-con-boxed e-con e-parent\" data-id=\"7b5d6649\" data-element_type=\"container\" data-e-type=\"container\">\n\t\t\t\t\t<div class=\"e-con-inner\">\n\t\t\t\t<div class=\"elementor-element elementor-element-15e0d5d4 elementor-widget elementor-widget-text-editor\" data-id=\"15e0d5d4\" data-element_type=\"widget\" data-e-type=\"widget\" data-widget_type=\"text-editor.default\">\n\t\t\t\t<div class=\"elementor-widget-container\">\n\t\t\t\t\t\t\t\t\t<p>\t\t<div data-elementor-type=\"wp-post\" data-elementor-id=\"2509\" class=\"elementor elementor-2509\">\n\t\t\t\t<div class=\"elementor-element elementor-element-dc37c4c e-flex e-con-boxed e-con e-parent\" data-id=\"dc37c4c\" data-element_type=\"container\" data-e-type=\"container\" data-settings=\"{&quot;background_background&quot;:&quot;gradient&quot;}\">\n\t\t\t\t\t<div class=\"e-con-inner\">\n\t\t\t\t<div class=\"elementor-element elementor-element-31250bc elementor-widget elementor-widget-image\" data-id=\"31250bc\" data-element_type=\"widget\" data-e-type=\"widget\" data-widget_type=\"image.default\">\n\t\t\t\t<div class=\"elementor-widget-container\">\n\t\t\t\t\t\t\t\t\t\t\t\t\t\t\t<img loading=\"lazy\" decoding=\"async\" width=\"1000\" height=\"140\" src=\"https:\/\/www.domotic.phdata.fr\/domotic\/wp-content\/uploads\/2024\/06\/pied-de-page.webp\" class=\"attachment-large size-large wp-image-3167\" alt=\"\" srcset=\"https:\/\/www.domotic.phdata.fr\/domotic\/wp-content\/uploads\/2024\/06\/pied-de-page.webp 1000w, https:\/\/www.domotic.phdata.fr\/domotic\/wp-content\/uploads\/2024\/06\/pied-de-page-300x42.webp 300w, https:\/\/www.domotic.phdata.fr\/domotic\/wp-content\/uploads\/2024\/06\/pied-de-page-768x108.webp 768w, https:\/\/www.domotic.phdata.fr\/domotic\/wp-content\/uploads\/2024\/06\/pied-de-page-150x21.webp 150w\" sizes=\"(max-width: 1000px) 100vw, 1000px\" \/>\t\t\t\t\t\t\t\t\t\t\t\t\t\t\t<\/div>\n\t\t\t\t<\/div>\n\t\t\t\t<div class=\"elementor-element elementor-element-da41007 elementor-widget elementor-widget-text-editor\" data-id=\"da41007\" data-element_type=\"widget\" data-e-type=\"widget\" data-widget_type=\"text-editor.default\">\n\t\t\t\t<div class=\"elementor-widget-container\">\n\t\t\t\t\t\t\t\t\t<p style=\"text-align: center;\"><strong>Domotique &#8211; informatique &#8211; \u00e9lectronique &#8211; dictionnaire &#8211; projets<\/strong><\/p>\t\t\t\t\t\t\t\t<\/div>\n\t\t\t\t<\/div>\n\t\t\t\t<div class=\"elementor-element elementor-element-8a0e2d2 elementor-widget elementor-widget-text-editor\" data-id=\"8a0e2d2\" data-element_type=\"widget\" data-e-type=\"widget\" data-widget_type=\"text-editor.default\">\n\t\t\t\t<div class=\"elementor-widget-container\">\n\t\t\t\t\t\t\t\t\t<p>Copyright 2024<\/p>\t\t\t\t\t\t\t\t<\/div>\n\t\t\t\t<\/div>\n\t\t\t\t\t<\/div>\n\t\t\t\t<\/div>\n\t\t\t\t<\/div>\n\t\t<\/p>\t\t\t\t\t\t\t\t<\/div>\n\t\t\t\t<\/div>\n\t\t\t\t\t<\/div>\n\t\t\t\t<\/div>\n\t\t\t\t<\/div>\n\t\t","protected":false},"excerpt":{"rendered":"<p>Electronique L&rsquo;\u00e9lectronique est une comp\u00e9tence fondamentale pour moi, essentielle \u00e0 la r\u00e9alisation de nombreux projets techniques. Que ce soit pour la conception de circuits pour mes projets de domotique ou pour la r\u00e9paration et l&rsquo;am\u00e9lioration d&rsquo;\u00e9quipements \u00e9lectroniques, mes connaissances sont constamment mises \u00e0 profit. J&rsquo;aime explorer les nouveaux composants et technologies pour rester \u00e0 la [&hellip;]<\/p>\n","protected":false},"author":1,"featured_media":0,"parent":0,"menu_order":0,"comment_status":"closed","ping_status":"closed","template":"","meta":{"_eb_attr":"","ocean_post_layout":"","ocean_both_sidebars_style":"","ocean_both_sidebars_content_width":0,"ocean_both_sidebars_sidebars_width":0,"ocean_sidebar":"","ocean_second_sidebar":"","ocean_disable_margins":"enable","ocean_add_body_class":"","ocean_shortcode_before_top_bar":"","ocean_shortcode_after_top_bar":"","ocean_shortcode_before_header":"","ocean_shortcode_after_header":"","ocean_has_shortcode":"","ocean_shortcode_after_title":"","ocean_shortcode_before_footer_widgets":"","ocean_shortcode_after_footer_widgets":"","ocean_shortcode_before_footer_bottom":"","ocean_shortcode_after_footer_bottom":"","ocean_display_top_bar":"default","ocean_display_header":"default","ocean_header_style":"","ocean_center_header_left_menu":"","ocean_custom_header_template":"","ocean_custom_logo":0,"ocean_custom_retina_logo":0,"ocean_custom_logo_max_width":0,"ocean_custom_logo_tablet_max_width":0,"ocean_custom_logo_mobile_max_width":0,"ocean_custom_logo_max_height":0,"ocean_custom_logo_tablet_max_height":0,"ocean_custom_logo_mobile_max_height":0,"ocean_header_custom_menu":"","ocean_menu_typo_font_family":"","ocean_menu_typo_font_subset":"","ocean_menu_typo_font_size":0,"ocean_menu_typo_font_size_tablet":0,"ocean_menu_typo_font_size_mobile":0,"ocean_menu_typo_font_size_unit":"px","ocean_menu_typo_font_weight":"","ocean_menu_typo_font_weight_tablet":"","ocean_menu_typo_font_weight_mobile":"","ocean_menu_typo_transform":"","ocean_menu_typo_transform_tablet":"","ocean_menu_typo_transform_mobile":"","ocean_menu_typo_line_height":0,"ocean_menu_typo_line_height_tablet":0,"ocean_menu_typo_line_height_mobile":0,"ocean_menu_typo_line_height_unit":"","ocean_menu_typo_spacing":0,"ocean_menu_typo_spacing_tablet":0,"ocean_menu_typo_spacing_mobile":0,"ocean_menu_typo_spacing_unit":"","ocean_menu_link_color":"","ocean_menu_link_color_hover":"","ocean_menu_link_color_active":"","ocean_menu_link_background":"","ocean_menu_link_hover_background":"","ocean_menu_link_active_background":"","ocean_menu_social_links_bg":"","ocean_menu_social_hover_links_bg":"","ocean_menu_social_links_color":"","ocean_menu_social_hover_links_color":"","ocean_disable_title":"default","ocean_disable_heading":"default","ocean_post_title":"","ocean_post_subheading":"","ocean_post_title_style":"","ocean_post_title_background_color":"","ocean_post_title_background":0,"ocean_post_title_bg_image_position":"","ocean_post_title_bg_image_attachment":"","ocean_post_title_bg_image_repeat":"","ocean_post_title_bg_image_size":"","ocean_post_title_height":0,"ocean_post_title_bg_overlay":0.5,"ocean_post_title_bg_overlay_color":"","ocean_disable_breadcrumbs":"default","ocean_breadcrumbs_color":"","ocean_breadcrumbs_separator_color":"","ocean_breadcrumbs_links_color":"","ocean_breadcrumbs_links_hover_color":"","ocean_display_footer_widgets":"default","ocean_display_footer_bottom":"default","ocean_custom_footer_template":"","footnotes":""},"class_list":["post-987","page","type-page","status-publish","hentry","entry"],"jetpack_sharing_enabled":true,"_links":{"self":[{"href":"https:\/\/www.domotic.phdata.fr\/domotic\/wp-json\/wp\/v2\/pages\/987","targetHints":{"allow":["GET"]}}],"collection":[{"href":"https:\/\/www.domotic.phdata.fr\/domotic\/wp-json\/wp\/v2\/pages"}],"about":[{"href":"https:\/\/www.domotic.phdata.fr\/domotic\/wp-json\/wp\/v2\/types\/page"}],"author":[{"embeddable":true,"href":"https:\/\/www.domotic.phdata.fr\/domotic\/wp-json\/wp\/v2\/users\/1"}],"replies":[{"embeddable":true,"href":"https:\/\/www.domotic.phdata.fr\/domotic\/wp-json\/wp\/v2\/comments?post=987"}],"version-history":[{"count":67,"href":"https:\/\/www.domotic.phdata.fr\/domotic\/wp-json\/wp\/v2\/pages\/987\/revisions"}],"predecessor-version":[{"id":3248,"href":"https:\/\/www.domotic.phdata.fr\/domotic\/wp-json\/wp\/v2\/pages\/987\/revisions\/3248"}],"wp:attachment":[{"href":"https:\/\/www.domotic.phdata.fr\/domotic\/wp-json\/wp\/v2\/media?parent=987"}],"curies":[{"name":"wp","href":"https:\/\/api.w.org\/{rel}","templated":true}]}}